{"id":150581,"date":"2022-10-10T15:26:45","date_gmt":"2025-06-08T08:01:49","guid":{"rendered":"https:\/\/kingarms.ee\/product\/urf-jaka-melna-emersongear\/"},"modified":"2025-06-08T11:01:49","modified_gmt":"2025-06-08T08:01:49","slug":"urf-jaka-melna-emersongear","status":"publish","type":"product","link":"https:\/\/kingarms.ee\/lv\/product\/urf-jaka-melna-emersongear\/","title":{"rendered":"Urf Jaka Melna EmersonGear"},"content":{"rendered":"","protected":false},"excerpt":{"rendered":"<p>Urf Jaka Melna EmersonGear<\/p>\n<p>Viegla polster\u0113ta jaka<br \/>\nfleece Iek\u0161\u0113jais<br \/>\nv\u0113ja un \u016bdensiztur\u012bgs<br \/>\n100% poliesters<br \/>\nnosl\u0113ptas kapuci<br \/>\ndubult\u0101 zip sl\u0113g\u0161ana<br \/>\nelast\u012bgs s\u0101nu Audums<br \/>\n3x priek\u0161\u0113j\u0101s r\u0101v\u0113jsl\u0113dz\u0113ja aizdares kabatas (1x vertik\u0101li uz kr\u016bt\u012bm)<br \/>\n1x r\u0101v\u0113jsl\u0113dz\u0113ja aizdares kabata ar \u0101r\u0113jo velcro uz katras piedurknes<br \/>\n1x zip sl\u0113g\u0161ana maza kabata kreisaj\u0101 apak\u0161delm\u0101<br \/>\n2x neaizveramas iek\u0161\u0113j\u0101s kabatas<br \/>\naproces ar caurumu \u012bk\u0161\u0137i<br \/>\nmelna kr\u0101sa<\/p>\n","protected":false},"featured_media":134384,"template":"","meta":{"_acf_changed":false},"product_brand":[],"product_cat":[1071],"product_tag":[],"class_list":{"0":"post-150581","1":"product","2":"type-product","3":"status-publish","4":"has-post-thumbnail","6":"product_cat-apvalks","8":"first","9":"instock","10":"sale","11":"purchasable","12":"product-type-variable"},"acf":[],"_links":{"self":[{"href":"https:\/\/kingarms.ee\/lv\/wp-json\/wp\/v2\/product\/150581","targetHints":{"allow":["GET"]}}],"collection":[{"href":"https:\/\/kingarms.ee\/lv\/wp-json\/wp\/v2\/product"}],"about":[{"href":"https:\/\/kingarms.ee\/lv\/wp-json\/wp\/v2\/types\/product"}],"wp:featuredmedia":[{"embeddable":true,"href":"https:\/\/kingarms.ee\/lv\/wp-json\/wp\/v2\/media\/134384"}],"wp:attachment":[{"href":"https:\/\/kingarms.ee\/lv\/wp-json\/wp\/v2\/media?parent=150581"}],"wp:term":[{"taxonomy":"product_brand","embeddable":true,"href":"https:\/\/kingarms.ee\/lv\/wp-json\/wp\/v2\/product_brand?post=150581"},{"taxonomy":"product_cat","embeddable":true,"href":"https:\/\/kingarms.ee\/lv\/wp-json\/wp\/v2\/product_cat?post=150581"},{"taxonomy":"product_tag","embeddable":true,"href":"https:\/\/kingarms.ee\/lv\/wp-json\/wp\/v2\/product_tag?post=150581"}],"curies":[{"name":"wp","href":"https:\/\/api.w.org\/{rel}","templated":true}]}}