{"id":150587,"date":"2022-04-28T19:56:13","date_gmt":"2025-06-08T08:03:21","guid":{"rendered":"https:\/\/kingarms.ee\/product\/reaper-qrb-plate-parvadatajs-vegetato-iebrucejs-gear\/"},"modified":"2025-06-08T11:03:21","modified_gmt":"2025-06-08T08:03:21","slug":"reaper-qrb-plate-parvadatajs-vegetato-iebrucejs-gear","status":"publish","type":"product","link":"https:\/\/kingarms.ee\/lv\/product\/reaper-qrb-plate-parvadatajs-vegetato-iebrucejs-gear\/","title":{"rendered":"Reaper QRB Plate p\u0101rvad\u0101t\u0101js Vegetato iebruc\u0113js Gear"},"content":{"rendered":"","protected":false},"excerpt":{"rendered":"<p>Reaper QRB Plate p\u0101rvad\u0101t\u0101js Vegetato iebruc\u0113js Gear<\/p>\n<p>Reaper QRB Pl\u0101ksnes P\u0101rvad\u0101t\u0101js ir izstr\u0101d\u0101ti, lai nodro\u0161in\u0101tu lightweight zema profila p\u0101rvad\u0101t\u0101ja bru\u0146u pl\u0101ksnes ar lielu virsmu, lai veiktu iek\u0101rtu pateicoties piln\u012bb\u0101 MOLLE sist\u0113mu.<\/p>\n<p>To ra\u017eo, izmantojot l\u0101zergrie\u0161anas tehnolo\u0123iju, kas pie\u0161\u0137ir \u0161ai vestei augstu iztur\u012bbu ar minim\u0101lu materi\u0101lu izmanto\u0161anu. Pamatne ir izgatavota no iztur\u012bga 600D auduma, lai nodro\u0161in\u0101tu mazu svaru. <\/p>\n<p>Reaper QRB ir apr\u012bkots ar \u012bpa\u0161\u0101m spr\u0101dz\u0113m katr\u0101 rok\u0101 un s\u0101nos, kas dod lietot\u0101jam iesp\u0113ju to ievietot bez nepiecie\u0161am\u012bbas laud st\u012bp\u0101m un cilp\u0101m sl\u0113gt vai av\u0101rijas gad\u012bjum\u0101, piem\u0113ram, traumas vai iekrist dzi\u013c\u0101 \u016bden\u012b, lai \u0101tri no\u0146emtu. Aug\u0161\u0113j\u0101 priek\u0161\u0113j\u0101 un aizmugur\u0113j\u0101 zon\u0101 atrodas \u0101\u0137i un cilpas pane\u013ci vien\u012bbas ID vai mor\u0101les pl\u0101ksteriem un gl\u0101b\u0161anas rokturis \u0101trai un \u0113rtai evaku\u0101cijai no b\u012bstam\u0101s zonas. Katra puse ir apr\u012bkota ar integr\u0113tiem maisi\u0146iem \u017eurn\u0101lam vai PMR radio. Priek\u0161\u0113jo paneli var viegli nomain\u012bt, pateicoties st\u012bp\u0101m un cilp\u0101m + 2 spr\u0101dzes mont\u0101\u017eas sist\u0113mai.   <\/p>\n<p>\u0160o vesti var apr\u012bkot ar &#8220;k\u0101jnieku iero\u010du aizsardz\u012bbas ielikt\u0146iem&#8221; (SAPI pl\u0101ksn\u0113m) vai l\u012bdz\u012bg\u0101m ciet\u0101m ballistisk\u0101m pl\u0101ksn\u0113m. To var apr\u012bkot ar\u012b ar s\u0101nu pl\u0101ksn\u0113m. Vestes iek\u0161puse un pleci ir polster\u0113ti ar m\u012bkstu starplikas sietu, lai nodro\u0161in\u0101tu komfortu un gaisa cirkul\u0101ciju.  <\/p>\n","protected":false},"featured_media":117970,"template":"","meta":{"_acf_changed":false},"product_brand":[],"product_cat":[1093],"product_tag":[],"class_list":{"0":"post-150587","1":"product","2":"type-product","3":"status-publish","4":"has-post-thumbnail","6":"product_cat-vestes-un-zirglietas","8":"first","9":"instock","10":"taxable","11":"shipping-taxable","12":"purchasable","13":"product-type-simple"},"acf":[],"_links":{"self":[{"href":"https:\/\/kingarms.ee\/lv\/wp-json\/wp\/v2\/product\/150587","targetHints":{"allow":["GET"]}}],"collection":[{"href":"https:\/\/kingarms.ee\/lv\/wp-json\/wp\/v2\/product"}],"about":[{"href":"https:\/\/kingarms.ee\/lv\/wp-json\/wp\/v2\/types\/product"}],"wp:featuredmedia":[{"embeddable":true,"href":"https:\/\/kingarms.ee\/lv\/wp-json\/wp\/v2\/media\/117970"}],"wp:attachment":[{"href":"https:\/\/kingarms.ee\/lv\/wp-json\/wp\/v2\/media?parent=150587"}],"wp:term":[{"taxonomy":"product_brand","embeddable":true,"href":"https:\/\/kingarms.ee\/lv\/wp-json\/wp\/v2\/product_brand?post=150587"},{"taxonomy":"product_cat","embeddable":true,"href":"https:\/\/kingarms.ee\/lv\/wp-json\/wp\/v2\/product_cat?post=150587"},{"taxonomy":"product_tag","embeddable":true,"href":"https:\/\/kingarms.ee\/lv\/wp-json\/wp\/v2\/product_tag?post=150587"}],"curies":[{"name":"wp","href":"https:\/\/api.w.org\/{rel}","templated":true}]}}