{"id":150594,"date":"2022-04-28T19:36:52","date_gmt":"2025-06-08T08:06:38","guid":{"rendered":"https:\/\/kingarms.ee\/product\/reaper-plate-parvadatajs-marpat-iebrucejs-gear\/"},"modified":"2025-06-08T11:06:38","modified_gmt":"2025-06-08T08:06:38","slug":"reaper-plate-parvadatajs-marpat-iebrucejs-gear","status":"publish","type":"product","link":"https:\/\/kingarms.ee\/lv\/product\/reaper-plate-parvadatajs-marpat-iebrucejs-gear\/","title":{"rendered":"Reaper Plate P\u0101rvad\u0101t\u0101js Marpat Iebruc\u0113js Gear"},"content":{"rendered":"","protected":false},"excerpt":{"rendered":"<p>Reaper Plate P\u0101rvad\u0101t\u0101js Marpat Iebruc\u0113js Gear<\/p>\n<p>Reaper Plate Carrier ir paredz\u0113ts, lai nodro\u0161in\u0101tu vieglu daudzfunkcion\u0101lu zema profila nes\u0113ju ballistisk\u0101m pl\u0101ksn\u0113m ar lielu virsmu apr\u012bkojuma p\u0101rvad\u0101\u0161anai, pateicoties pilnai MOLLE sist\u0113mai.<br \/>\nTo ra\u017eo, izmantojot l\u0101zergrie\u0161anas tehnolo\u0123iju, kas pie\u0161\u0137ir \u0161ai vestei augstu iztur\u012bbu ar minim\u0101lu materi\u0101lu izmanto\u0161anu. Pamatne ir izgatavota no iztur\u012bga 600D auduma, lai nodro\u0161in\u0101tu mazu svaru. <\/p>\n<p>Aug\u0161\u0113j\u0101 priek\u0161\u0113j\u0101 un aizmugur\u0113j\u0101 zon\u0101 atrodas \u0101\u0137i un cilpas pane\u013ci vien\u012bbas ID vai mor\u0101les pl\u0101ksteriem un gl\u0101b\u0161anas rokturis \u0101trai un \u0113rtai evaku\u0101cijai no b\u012bstam\u0101s zonas. Priek\u0161pus\u0113 m\u0113s varam atrast 3 plakanus maisi\u0146us M4 stila \u017eurn\u0101liem \u2013 nepiecie\u0161am\u012bbas gad\u012bjum\u0101 \u0161os maisi\u0146us var piln\u012bb\u0101 aizv\u0113rt, lai lietot\u0101jam b\u016btu piln\u012bgi l\u012bdzena telpa. Ap pleciem atrodas asto\u0146as elast\u012bgas siksnas Comtac kabe\u013cu vai hidrat\u0101cijas cauru\u013cu nostiprin\u0101\u0161anai.  <\/p>\n<p>\u0160o vesti var apr\u012bkot ar &#8220;k\u0101jnieku iero\u010du aizsardz\u012bbas ielikt\u0146iem&#8221; (SAPI pl\u0101ksn\u0113m) vai l\u012bdz\u012bg\u0101m ciet\u0101m ballistisk\u0101m pl\u0101ksn\u0113m. To var apr\u012bkot ar\u012b ar s\u0101nu pl\u0101ksn\u0113m. Vestes iek\u0161puse un pleci ir polster\u0113ti ar m\u012bkstu starplikas sietu, lai nodro\u0161in\u0101tu komfortu un gaisa cirkul\u0101ciju.  <\/p>\n<p>Tas ir univers\u0101l\u0101 izm\u0113r\u0101, un to var uzst\u0101d\u012bt lietot\u0101jam ar \u0101\u0137iem un cilpas siksn\u0101m uz pleciem un regul\u0113\u0161anas vadu, kas pasl\u0113pts muguras lejasda\u013c\u0101.<\/p>\n","protected":false},"featured_media":117908,"template":"","meta":{"_acf_changed":false},"product_brand":[],"product_cat":[1093],"product_tag":[],"class_list":{"0":"post-150594","1":"product","2":"type-product","3":"status-publish","4":"has-post-thumbnail","6":"product_cat-vestes-un-zirglietas","8":"first","9":"instock","10":"taxable","11":"shipping-taxable","12":"purchasable","13":"product-type-simple"},"acf":[],"_links":{"self":[{"href":"https:\/\/kingarms.ee\/lv\/wp-json\/wp\/v2\/product\/150594","targetHints":{"allow":["GET"]}}],"collection":[{"href":"https:\/\/kingarms.ee\/lv\/wp-json\/wp\/v2\/product"}],"about":[{"href":"https:\/\/kingarms.ee\/lv\/wp-json\/wp\/v2\/types\/product"}],"wp:featuredmedia":[{"embeddable":true,"href":"https:\/\/kingarms.ee\/lv\/wp-json\/wp\/v2\/media\/117908"}],"wp:attachment":[{"href":"https:\/\/kingarms.ee\/lv\/wp-json\/wp\/v2\/media?parent=150594"}],"wp:term":[{"taxonomy":"product_brand","embeddable":true,"href":"https:\/\/kingarms.ee\/lv\/wp-json\/wp\/v2\/product_brand?post=150594"},{"taxonomy":"product_cat","embeddable":true,"href":"https:\/\/kingarms.ee\/lv\/wp-json\/wp\/v2\/product_cat?post=150594"},{"taxonomy":"product_tag","embeddable":true,"href":"https:\/\/kingarms.ee\/lv\/wp-json\/wp\/v2\/product_tag?post=150594"}],"curies":[{"name":"wp","href":"https:\/\/api.w.org\/{rel}","templated":true}]}}