{"id":150595,"date":"2022-10-10T15:26:33","date_gmt":"2025-06-08T08:07:17","guid":{"rendered":"https:\/\/kingarms.ee\/product\/divas-joslas-vhf-uhf-fm-radio-baofeng\/"},"modified":"2025-06-08T11:07:17","modified_gmt":"2025-06-08T08:07:17","slug":"divas-joslas-vhf-uhf-fm-radio-baofeng","status":"publish","type":"product","link":"https:\/\/kingarms.ee\/lv\/product\/divas-joslas-vhf-uhf-fm-radio-baofeng\/","title":{"rendered":"Divas joslas VHF\/UHF FM Radio Baofeng"},"content":{"rendered":"","protected":false},"excerpt":{"rendered":"<p>Divas joslas VHF\/UHF FM Radio Baofeng<\/p>\n<p>128 kan\u0101li<br \/>\nfrekven\u010du diapazons:<br \/>\n&#8211; vhf 136-174 mhz<br \/>\n&#8211; uhf 400-470 mhz<br \/>\n-fm 65-108Mhz<br \/>\np\u0101rraides jauda: 10W &#8211; 5W<br \/>\nantenas pretest\u012bba: 50\u03c9<br \/>\napgaismots lcd displejs<br \/>\naug\u0161\u0113j\u0101 led zibspuldze (fiks\u0113ta vai mirgojo\u0161a gaisma)<br \/>\nausti\u0146as un mikrofons ar ptt un klipu iek\u013cauts<br \/>\niek\u013cauta rokas n\u0113s\u0101\u0161anas siksna<br \/>\niek\u013cauts Aizmugur\u0113jais klips<br \/>\npc programm\u0113jams ar kabeli nop\u0113rkams atsevi\u0161\u0137i<br \/>\nizm\u0113ri: 62mm x 134mm x 32mm (ar antenu 270mm)<br \/>\nsvars: 250g<br \/>\niek\u013cauts li-ion 7.4 V x 2200mAh akumulators un galda l\u0101d\u0113t\u0101js<\/p>\n","protected":false},"featured_media":136570,"template":"","meta":{"_acf_changed":false},"product_brand":[],"product_cat":[1125],"product_tag":[],"class_list":{"0":"post-150595","1":"product","2":"type-product","3":"status-publish","4":"has-post-thumbnail","6":"product_cat-uztvereji","8":"first","9":"onbackorder","10":"product-type-simple"},"acf":[],"_links":{"self":[{"href":"https:\/\/kingarms.ee\/lv\/wp-json\/wp\/v2\/product\/150595","targetHints":{"allow":["GET"]}}],"collection":[{"href":"https:\/\/kingarms.ee\/lv\/wp-json\/wp\/v2\/product"}],"about":[{"href":"https:\/\/kingarms.ee\/lv\/wp-json\/wp\/v2\/types\/product"}],"wp:featuredmedia":[{"embeddable":true,"href":"https:\/\/kingarms.ee\/lv\/wp-json\/wp\/v2\/media\/136570"}],"wp:attachment":[{"href":"https:\/\/kingarms.ee\/lv\/wp-json\/wp\/v2\/media?parent=150595"}],"wp:term":[{"taxonomy":"product_brand","embeddable":true,"href":"https:\/\/kingarms.ee\/lv\/wp-json\/wp\/v2\/product_brand?post=150595"},{"taxonomy":"product_cat","embeddable":true,"href":"https:\/\/kingarms.ee\/lv\/wp-json\/wp\/v2\/product_cat?post=150595"},{"taxonomy":"product_tag","embeddable":true,"href":"https:\/\/kingarms.ee\/lv\/wp-json\/wp\/v2\/product_tag?post=150595"}],"curies":[{"name":"wp","href":"https:\/\/api.w.org\/{rel}","templated":true}]}}