{"id":150598,"date":"2022-10-10T15:26:23","date_gmt":"2025-06-08T08:10:32","guid":{"rendered":"https:\/\/kingarms.ee\/product\/sarkans-punkts-22-mm-melns-js-tactical\/"},"modified":"2025-06-08T11:10:32","modified_gmt":"2025-06-08T08:10:32","slug":"sarkans-punkts-22-mm-melns-js-tactical","status":"publish","type":"product","link":"https:\/\/kingarms.ee\/lv\/product\/sarkans-punkts-22-mm-melns-js-tactical\/","title":{"rendered":"Sarkans punkts 22 mm melns JS-Tactical"},"content":{"rendered":"","protected":false},"excerpt":{"rendered":"<p>Sarkans punkts 22 mm melns JS-Tactical<\/p>\n<p>Red dot 22mm objekt\u012bvs<br \/>\npilna met\u0101la<br \/>\nsarkans vai za\u013c\u0161 punkts ar 5 intensit\u0101tes l\u012bme\u0146iem<br \/>\nregul\u0113jams v\u0113j\u0161 un pac\u0113lums<br \/>\nstiprin\u0101jums Standarta 20 mm slied\u0113m<br \/>\ngarums 70mm<br \/>\nsvars 110g<br \/>\ngumijas aizsardz\u012bbas v\u0101ci\u0146i<\/p>\n","protected":false},"featured_media":134320,"template":"","meta":{"_acf_changed":false},"product_brand":[],"product_cat":[1067],"product_tag":[],"class_list":{"0":"post-150598","1":"product","2":"type-product","3":"status-publish","4":"has-post-thumbnail","6":"product_cat-skats","8":"first","9":"instock","10":"purchasable","11":"product-type-simple"},"acf":[],"_links":{"self":[{"href":"https:\/\/kingarms.ee\/lv\/wp-json\/wp\/v2\/product\/150598","targetHints":{"allow":["GET"]}}],"collection":[{"href":"https:\/\/kingarms.ee\/lv\/wp-json\/wp\/v2\/product"}],"about":[{"href":"https:\/\/kingarms.ee\/lv\/wp-json\/wp\/v2\/types\/product"}],"wp:featuredmedia":[{"embeddable":true,"href":"https:\/\/kingarms.ee\/lv\/wp-json\/wp\/v2\/media\/134320"}],"wp:attachment":[{"href":"https:\/\/kingarms.ee\/lv\/wp-json\/wp\/v2\/media?parent=150598"}],"wp:term":[{"taxonomy":"product_brand","embeddable":true,"href":"https:\/\/kingarms.ee\/lv\/wp-json\/wp\/v2\/product_brand?post=150598"},{"taxonomy":"product_cat","embeddable":true,"href":"https:\/\/kingarms.ee\/lv\/wp-json\/wp\/v2\/product_cat?post=150598"},{"taxonomy":"product_tag","embeddable":true,"href":"https:\/\/kingarms.ee\/lv\/wp-json\/wp\/v2\/product_tag?post=150598"}],"curies":[{"name":"wp","href":"https:\/\/api.w.org\/{rel}","templated":true}]}}