{"id":150599,"date":"2022-10-10T15:26:23","date_gmt":"2025-06-08T08:11:40","guid":{"rendered":"https:\/\/kingarms.ee\/product\/red-dot-joma-js-taktiska\/"},"modified":"2025-06-08T11:11:40","modified_gmt":"2025-06-08T08:11:40","slug":"red-dot-joma-js-taktiska","status":"publish","type":"product","link":"https:\/\/kingarms.ee\/lv\/product\/red-dot-joma-js-taktiska\/","title":{"rendered":"Red Dot joma JS-Taktisk\u0101"},"content":{"rendered":"","protected":false},"excerpt":{"rendered":"<p>Red Dot joma JS-Taktisk\u0101<\/p>\n<p>Red dot pilna met\u0101la<br \/>\nsarkans vai za\u013c\u0161 punkts ar regul\u0113jamu intensit\u0101ti<br \/>\nregul\u0113jams v\u0113j\u0161 un pac\u0113lums<br \/>\nanti-reflekss l\u0113cas diametrs 34mm<br \/>\nIek\u013cauts 22m sliedes stiprin\u0101jums<br \/>\ncaurules diametrs 30mm<br \/>\ngarums 184mm<br \/>\nSvars 320g<br \/>\ntriecieniztur\u012bgs un miglas pier\u0101d\u012bjums<\/p>\n","protected":false},"featured_media":124131,"template":"","meta":{"_acf_changed":false},"product_brand":[],"product_cat":[1067],"product_tag":[],"class_list":{"0":"post-150599","1":"product","2":"type-product","3":"status-publish","4":"has-post-thumbnail","6":"product_cat-skats","8":"first","9":"instock","10":"purchasable","11":"product-type-simple"},"acf":[],"_links":{"self":[{"href":"https:\/\/kingarms.ee\/lv\/wp-json\/wp\/v2\/product\/150599","targetHints":{"allow":["GET"]}}],"collection":[{"href":"https:\/\/kingarms.ee\/lv\/wp-json\/wp\/v2\/product"}],"about":[{"href":"https:\/\/kingarms.ee\/lv\/wp-json\/wp\/v2\/types\/product"}],"wp:featuredmedia":[{"embeddable":true,"href":"https:\/\/kingarms.ee\/lv\/wp-json\/wp\/v2\/media\/124131"}],"wp:attachment":[{"href":"https:\/\/kingarms.ee\/lv\/wp-json\/wp\/v2\/media?parent=150599"}],"wp:term":[{"taxonomy":"product_brand","embeddable":true,"href":"https:\/\/kingarms.ee\/lv\/wp-json\/wp\/v2\/product_brand?post=150599"},{"taxonomy":"product_cat","embeddable":true,"href":"https:\/\/kingarms.ee\/lv\/wp-json\/wp\/v2\/product_cat?post=150599"},{"taxonomy":"product_tag","embeddable":true,"href":"https:\/\/kingarms.ee\/lv\/wp-json\/wp\/v2\/product_tag?post=150599"}],"curies":[{"name":"wp","href":"https:\/\/api.w.org\/{rel}","templated":true}]}}