{"id":150601,"date":"2022-10-10T15:26:23","date_gmt":"2025-06-08T08:12:49","guid":{"rendered":"https:\/\/kingarms.ee\/product\/prieksgala-soma-melna-karala\/"},"modified":"2025-06-08T11:12:49","modified_gmt":"2025-06-08T08:12:49","slug":"prieksgala-soma-melna-karala","status":"publish","type":"product","link":"https:\/\/kingarms.ee\/lv\/product\/prieksgala-soma-melna-karala\/","title":{"rendered":"Priek\u0161gala soma melna [Kara\u013ca]"},"content":{"rendered":"","protected":false},"excerpt":{"rendered":"<p>Priek\u0161gala soma melna [Kara\u013ca]<\/p>\n<p>sl\u0113g\u0161ana ar r\u0101v\u0113jsl\u0113dz\u0113ju<br \/>\n\u0101r\u0113j\u0101s kabatas bulti\u0146as ar r\u0101v\u0113jsl\u0113dz\u0113ju<br \/>\nizm\u0113ri 110cm x 47cm<br \/>\nmelna kr\u0101sa<\/p>\n","protected":false},"featured_media":124161,"template":"","meta":{"_acf_changed":false},"product_brand":[],"product_cat":[1013,1017],"product_tag":[],"class_list":{"0":"post-150601","1":"product","2":"type-product","3":"status-publish","4":"has-post-thumbnail","6":"product_cat-loki-un-sen","7":"product_cat-piederumi","9":"first","10":"instock","11":"purchasable","12":"product-type-simple"},"acf":[],"_links":{"self":[{"href":"https:\/\/kingarms.ee\/lv\/wp-json\/wp\/v2\/product\/150601","targetHints":{"allow":["GET"]}}],"collection":[{"href":"https:\/\/kingarms.ee\/lv\/wp-json\/wp\/v2\/product"}],"about":[{"href":"https:\/\/kingarms.ee\/lv\/wp-json\/wp\/v2\/types\/product"}],"wp:featuredmedia":[{"embeddable":true,"href":"https:\/\/kingarms.ee\/lv\/wp-json\/wp\/v2\/media\/124161"}],"wp:attachment":[{"href":"https:\/\/kingarms.ee\/lv\/wp-json\/wp\/v2\/media?parent=150601"}],"wp:term":[{"taxonomy":"product_brand","embeddable":true,"href":"https:\/\/kingarms.ee\/lv\/wp-json\/wp\/v2\/product_brand?post=150601"},{"taxonomy":"product_cat","embeddable":true,"href":"https:\/\/kingarms.ee\/lv\/wp-json\/wp\/v2\/product_cat?post=150601"},{"taxonomy":"product_tag","embeddable":true,"href":"https:\/\/kingarms.ee\/lv\/wp-json\/wp\/v2\/product_tag?post=150601"}],"curies":[{"name":"wp","href":"https:\/\/api.w.org\/{rel}","templated":true}]}}