{"id":150610,"date":"2022-10-10T15:26:23","date_gmt":"2025-06-08T08:20:06","guid":{"rendered":"https:\/\/kingarms.ee\/product\/saliktais-loks-25-55-lbs-ek-loka-sausana\/"},"modified":"2025-06-08T11:20:06","modified_gmt":"2025-06-08T08:20:06","slug":"saliktais-loks-25-55-lbs-ek-loka-sausana","status":"publish","type":"product","link":"https:\/\/kingarms.ee\/lv\/product\/saliktais-loks-25-55-lbs-ek-loka-sausana\/","title":{"rendered":"Saliktais loks 25-55 Lbs [EK loka \u0161au\u0161ana]"},"content":{"rendered":"","protected":false},"excerpt":{"rendered":"<p>Saliktais loks 25-55 Lbs [EK loka \u0161au\u0161ana]<\/p>\n<p>\u0100trums 285 fps<br \/>\n\u012bs\u0101ks izdar\u012bt 20&#8243;-29&#8243;<br \/>\naugstums iero\u010du 7.25&#8243;<br \/>\nAss L\u012bdz asij 28&#8243;<br \/>\nlet off. 65%<br \/>\nIek\u013cauts: redzi, atsevi\u0161\u0137u kabeli, atp\u016btas<br \/>\nkabe\u013cu un taisni fost lidojums<br \/>\nsvars 3.2 Lbs<br \/>\nmelna kr\u0101sa <\/p>\n","protected":false},"featured_media":124204,"template":"","meta":{"_acf_changed":false},"product_brand":[],"product_cat":[1018,1013],"product_tag":[],"class_list":{"0":"post-150610","1":"product","2":"type-product","3":"status-publish","4":"has-post-thumbnail","6":"product_cat-loki","7":"product_cat-loki-un-sen","9":"first","10":"instock","11":"sale","12":"purchasable","13":"product-type-simple"},"acf":[],"_links":{"self":[{"href":"https:\/\/kingarms.ee\/lv\/wp-json\/wp\/v2\/product\/150610","targetHints":{"allow":["GET"]}}],"collection":[{"href":"https:\/\/kingarms.ee\/lv\/wp-json\/wp\/v2\/product"}],"about":[{"href":"https:\/\/kingarms.ee\/lv\/wp-json\/wp\/v2\/types\/product"}],"wp:featuredmedia":[{"embeddable":true,"href":"https:\/\/kingarms.ee\/lv\/wp-json\/wp\/v2\/media\/124204"}],"wp:attachment":[{"href":"https:\/\/kingarms.ee\/lv\/wp-json\/wp\/v2\/media?parent=150610"}],"wp:term":[{"taxonomy":"product_brand","embeddable":true,"href":"https:\/\/kingarms.ee\/lv\/wp-json\/wp\/v2\/product_brand?post=150610"},{"taxonomy":"product_cat","embeddable":true,"href":"https:\/\/kingarms.ee\/lv\/wp-json\/wp\/v2\/product_cat?post=150610"},{"taxonomy":"product_tag","embeddable":true,"href":"https:\/\/kingarms.ee\/lv\/wp-json\/wp\/v2\/product_tag?post=150610"}],"curies":[{"name":"wp","href":"https:\/\/api.w.org\/{rel}","templated":true}]}}