{"id":150622,"date":"2022-10-10T15:26:07","date_gmt":"2025-06-08T08:26:42","guid":{"rendered":"https:\/\/kingarms.ee\/product\/dekorativa-katana-4\/"},"modified":"2025-06-08T11:26:42","modified_gmt":"2025-06-08T08:26:42","slug":"dekorativa-katana-4","status":"publish","type":"product","link":"https:\/\/kingarms.ee\/lv\/product\/dekorativa-katana-4\/","title":{"rendered":"Dekorat\u012bv\u0101 Katana"},"content":{"rendered":"","protected":false},"excerpt":{"rendered":"<p>Dekorat\u012bv\u0101 katana<br \/>\niedvesmojoties no muichiro tokito katana<br \/>\nanime s\u0113rija modao zu shi (d\u0113monisk\u0101s audz\u0113\u0161anas lielmeistars)<br \/>\nBambusa asmens<br \/>\nplastmasas tsuba un tsuka<br \/>\nkoka ka\u0161\u0137is<br \/>\nkop\u0113jais garums 960mm (1030mm ar scabbard)<br \/>\nasmens garums 680mm<br \/>\ntsuka garums 280mm<br \/>\nSvars 550g ar ka\u0161\u0137i<\/p>\n","protected":false},"featured_media":124290,"template":"","meta":{"_acf_changed":false},"product_brand":[],"product_cat":[1127],"product_tag":[],"class_list":{"0":"post-150622","1":"product","2":"type-product","3":"status-publish","4":"has-post-thumbnail","6":"product_cat-katana-tanto","8":"first","9":"instock","10":"purchasable","11":"product-type-simple"},"acf":[],"_links":{"self":[{"href":"https:\/\/kingarms.ee\/lv\/wp-json\/wp\/v2\/product\/150622","targetHints":{"allow":["GET"]}}],"collection":[{"href":"https:\/\/kingarms.ee\/lv\/wp-json\/wp\/v2\/product"}],"about":[{"href":"https:\/\/kingarms.ee\/lv\/wp-json\/wp\/v2\/types\/product"}],"wp:featuredmedia":[{"embeddable":true,"href":"https:\/\/kingarms.ee\/lv\/wp-json\/wp\/v2\/media\/124290"}],"wp:attachment":[{"href":"https:\/\/kingarms.ee\/lv\/wp-json\/wp\/v2\/media?parent=150622"}],"wp:term":[{"taxonomy":"product_brand","embeddable":true,"href":"https:\/\/kingarms.ee\/lv\/wp-json\/wp\/v2\/product_brand?post=150622"},{"taxonomy":"product_cat","embeddable":true,"href":"https:\/\/kingarms.ee\/lv\/wp-json\/wp\/v2\/product_cat?post=150622"},{"taxonomy":"product_tag","embeddable":true,"href":"https:\/\/kingarms.ee\/lv\/wp-json\/wp\/v2\/product_tag?post=150622"}],"curies":[{"name":"wp","href":"https:\/\/api.w.org\/{rel}","templated":true}]}}