{"id":150628,"date":"2022-10-05T19:03:03","date_gmt":"2025-06-08T08:31:30","guid":{"rendered":"https:\/\/kingarms.ee\/product\/ballistiska-kivere-pasgt-nij-3-a-limenis\/"},"modified":"2025-06-08T11:31:30","modified_gmt":"2025-06-08T08:31:30","slug":"ballistiska-kivere-pasgt-nij-3-a-limenis","status":"publish","type":"product","link":"https:\/\/kingarms.ee\/lv\/product\/ballistiska-kivere-pasgt-nij-3-a-limenis\/","title":{"rendered":"Ballistisk\u0101 \u0137ivere-PASGT NIJ 3. A l\u012bmenis"},"content":{"rendered":"<p><img loading=\"lazy\" decoding=\"async\" class=\"alignnone size-medium wp-image-62715\" src=\"https:\/\/kingarms.ee\/wp-content\/uploads\/2022\/10\/ballistischer-schutzhelm-combat--300x297.jpg\" alt=\"\" width=\"300\" height=\"297\" srcset=\"https:\/\/kingarms.ee\/wp-content\/uploads\/2022\/10\/ballistischer-schutzhelm-combat--300x297.jpg 300w, https:\/\/kingarms.ee\/wp-content\/uploads\/2022\/10\/ballistischer-schutzhelm-combat--150x148.jpg 150w, https:\/\/kingarms.ee\/wp-content\/uploads\/2022\/10\/ballistischer-schutzhelm-combat--500x494.jpg 500w, https:\/\/kingarms.ee\/wp-content\/uploads\/2022\/10\/ballistischer-schutzhelm-combat-.jpg 700w\" sizes=\"auto, (max-width: 300px) 100vw, 300px\" \/><\/p>\n","protected":false},"excerpt":{"rendered":"<div class=\"cxmmr5t8 oygrvhab hcukyx3x c1et5uql o9v6fnle\">Ballistisk\u0101 \u0137ivere-PASGT NIJ 3. A l\u012bmenis<\/div>\n<div class=\"cxmmr5t8 oygrvhab hcukyx3x c1et5uql o9v6fnle\"><\/div>\n<div class=\"cxmmr5t8 oygrvhab hcukyx3x c1et5uql o9v6fnle\">Materi\u0101ls: Kevlar \/ Aram\u012bds vai UHMWPE<\/div>\n<div class=\"cxmmr5t8 oygrvhab hcukyx3x c1et5uql o9v6fnle\">BOA past\u0101v\u012bgie darbinieki<\/div>\n<div class=\"cxmmr5t8 oygrvhab hcukyx3x c1et5uql o9v6fnle\">Svars: 1.7 kg<\/div>\n","protected":false},"featured_media":123908,"template":"","meta":{"_acf_changed":false},"product_brand":[],"product_cat":[1097,1077,1080],"product_tag":[],"class_list":{"0":"post-150628","1":"product","2":"type-product","3":"status-publish","4":"has-post-thumbnail","6":"product_cat-ballistiska-aprikojums","7":"product_cat-ballistisks","8":"product_cat-kiveres","10":"first","11":"onbackorder","12":"taxable","13":"shipping-taxable","14":"product-type-variable"},"acf":[],"_links":{"self":[{"href":"https:\/\/kingarms.ee\/lv\/wp-json\/wp\/v2\/product\/150628","targetHints":{"allow":["GET"]}}],"collection":[{"href":"https:\/\/kingarms.ee\/lv\/wp-json\/wp\/v2\/product"}],"about":[{"href":"https:\/\/kingarms.ee\/lv\/wp-json\/wp\/v2\/types\/product"}],"wp:featuredmedia":[{"embeddable":true,"href":"https:\/\/kingarms.ee\/lv\/wp-json\/wp\/v2\/media\/123908"}],"wp:attachment":[{"href":"https:\/\/kingarms.ee\/lv\/wp-json\/wp\/v2\/media?parent=150628"}],"wp:term":[{"taxonomy":"product_brand","embeddable":true,"href":"https:\/\/kingarms.ee\/lv\/wp-json\/wp\/v2\/product_brand?post=150628"},{"taxonomy":"product_cat","embeddable":true,"href":"https:\/\/kingarms.ee\/lv\/wp-json\/wp\/v2\/product_cat?post=150628"},{"taxonomy":"product_tag","embeddable":true,"href":"https:\/\/kingarms.ee\/lv\/wp-json\/wp\/v2\/product_tag?post=150628"}],"curies":[{"name":"wp","href":"https:\/\/api.w.org\/{rel}","templated":true}]}}