{"id":150645,"date":"2022-10-03T16:15:20","date_gmt":"2025-06-08T08:37:49","guid":{"rendered":"https:\/\/kingarms.ee\/product\/snuggy-pagalvi-snugpak\/"},"modified":"2025-06-08T11:37:49","modified_gmt":"2025-06-08T08:37:49","slug":"snuggy-pagalvi-snugpak","status":"publish","type":"product","link":"https:\/\/kingarms.ee\/lv\/product\/snuggy-pagalvi-snugpak\/","title":{"rendered":"Snuggy Pagalvi [Snugpak]"},"content":{"rendered":"","protected":false},"excerpt":{"rendered":"<p>Snuggy Pagalvi [Snugpak]<\/p>\n<p>\u012apa\u0161i viegls un kompakts spilvens, kas pats par sevi ir paredz\u0113ts vienk\u0101r\u0161ai uzglab\u0101\u0161anai, tom\u0113r nodro\u0161ina lielisku atbalstu galvai un kaklam.<\/p>\n","protected":false},"featured_media":123648,"template":"","meta":{"_acf_changed":false},"product_brand":[],"product_cat":[1119],"product_tag":[],"class_list":{"0":"post-150645","1":"product","2":"type-product","3":"status-publish","4":"has-post-thumbnail","6":"product_cat-celojumu-preces","8":"first","9":"instock","10":"purchasable","11":"product-type-simple"},"acf":[],"_links":{"self":[{"href":"https:\/\/kingarms.ee\/lv\/wp-json\/wp\/v2\/product\/150645","targetHints":{"allow":["GET"]}}],"collection":[{"href":"https:\/\/kingarms.ee\/lv\/wp-json\/wp\/v2\/product"}],"about":[{"href":"https:\/\/kingarms.ee\/lv\/wp-json\/wp\/v2\/types\/product"}],"wp:featuredmedia":[{"embeddable":true,"href":"https:\/\/kingarms.ee\/lv\/wp-json\/wp\/v2\/media\/123648"}],"wp:attachment":[{"href":"https:\/\/kingarms.ee\/lv\/wp-json\/wp\/v2\/media?parent=150645"}],"wp:term":[{"taxonomy":"product_brand","embeddable":true,"href":"https:\/\/kingarms.ee\/lv\/wp-json\/wp\/v2\/product_brand?post=150645"},{"taxonomy":"product_cat","embeddable":true,"href":"https:\/\/kingarms.ee\/lv\/wp-json\/wp\/v2\/product_cat?post=150645"},{"taxonomy":"product_tag","embeddable":true,"href":"https:\/\/kingarms.ee\/lv\/wp-json\/wp\/v2\/product_tag?post=150645"}],"curies":[{"name":"wp","href":"https:\/\/api.w.org\/{rel}","templated":true}]}}