{"id":150664,"date":"2022-04-26T13:17:32","date_gmt":"2025-06-08T08:57:52","guid":{"rendered":"https:\/\/kingarms.ee\/product\/dubulta-zurnala-maisins-mp5-mp7-mp9-multicamo-8fields\/"},"modified":"2025-06-08T11:57:52","modified_gmt":"2025-06-08T08:57:52","slug":"dubulta-zurnala-maisins-mp5-mp7-mp9-multicamo-8fields","status":"publish","type":"product","link":"https:\/\/kingarms.ee\/lv\/product\/dubulta-zurnala-maisins-mp5-mp7-mp9-multicamo-8fields\/","title":{"rendered":"DUBULT\u0100 \u017dURN\u0100LA MAISI\u0145\u0160 MP5 MP7 MP9 MULTICAMO 8FIELDS"},"content":{"rendered":"","protected":false},"excerpt":{"rendered":"<p>DUBULT\u0100 \u017dURN\u0100LA MAISI\u0145\u0160 MP5 MP7 MP9 MULTICAMO 8FIELDS<\/p>\n<p>Izgatavots 2 MP5\/MP7\/MP9 \u017eurn\u0101liem. Molle sist\u0113mas Svars: 120 g. Materi\u0101ls: 600D poliesters. Kastes saturs: 1x dubult\u0101 \u017eurn\u0101la maisi\u0146\u0161 MP5 \/ MP7 \/ M9 izv\u0113l\u0113taj\u0101 kr\u0101s\u0101.   <\/p>\n","protected":false},"featured_media":117703,"template":"","meta":{"_acf_changed":false},"product_brand":[],"product_cat":[1098,1100],"product_tag":[],"class_list":{"0":"post-150664","1":"product","2":"type-product","3":"status-publish","4":"has-post-thumbnail","6":"product_cat-maisini-somas-un-siksnas","7":"product_cat-uzglabasanas-kabatas","9":"first","10":"instock","11":"purchasable","12":"product-type-simple"},"acf":[],"_links":{"self":[{"href":"https:\/\/kingarms.ee\/lv\/wp-json\/wp\/v2\/product\/150664","targetHints":{"allow":["GET"]}}],"collection":[{"href":"https:\/\/kingarms.ee\/lv\/wp-json\/wp\/v2\/product"}],"about":[{"href":"https:\/\/kingarms.ee\/lv\/wp-json\/wp\/v2\/types\/product"}],"wp:featuredmedia":[{"embeddable":true,"href":"https:\/\/kingarms.ee\/lv\/wp-json\/wp\/v2\/media\/117703"}],"wp:attachment":[{"href":"https:\/\/kingarms.ee\/lv\/wp-json\/wp\/v2\/media?parent=150664"}],"wp:term":[{"taxonomy":"product_brand","embeddable":true,"href":"https:\/\/kingarms.ee\/lv\/wp-json\/wp\/v2\/product_brand?post=150664"},{"taxonomy":"product_cat","embeddable":true,"href":"https:\/\/kingarms.ee\/lv\/wp-json\/wp\/v2\/product_cat?post=150664"},{"taxonomy":"product_tag","embeddable":true,"href":"https:\/\/kingarms.ee\/lv\/wp-json\/wp\/v2\/product_tag?post=150664"}],"curies":[{"name":"wp","href":"https:\/\/api.w.org\/{rel}","templated":true}]}}