{"id":150679,"date":"2022-04-26T13:17:19","date_gmt":"2025-06-08T09:15:45","guid":{"rendered":"https:\/\/kingarms.ee\/product\/atvert-top-dubulta-pistole-mag-maisins-mt-8fields\/"},"modified":"2025-06-08T12:15:45","modified_gmt":"2025-06-08T09:15:45","slug":"atvert-top-dubulta-pistole-mag-maisins-mt-8fields","status":"publish","type":"product","link":"https:\/\/kingarms.ee\/lv\/product\/atvert-top-dubulta-pistole-mag-maisins-mt-8fields\/","title":{"rendered":"ATV\u0112RT TOP DUBULT\u0100 PISTOLE MAG MAISI\u0145\u0160 MT 8FIELDS"},"content":{"rendered":"","protected":false},"excerpt":{"rendered":"<p>ATV\u0112RT TOP DUBULT\u0100 PISTOLE MAG MAISI\u0145\u0160 MT LAUKI<\/p>\n<p>\u0160o atv\u0113rto aug\u0161\u0113jo dubulto pistoles mag maisi\u0146u var uzst\u0101d\u012bt, izmantojot Molle sist\u0113mu.<br \/>\nIi ir izgatavots no \u013coti viegla un iztur\u012bga materi\u0101la, ir piln\u012bb\u0101 \u016bdensiztur\u012bgs, un katrai kabatai ir apak\u0161\u0113j\u0101 kr\u0101sa, kas atbilst dren\u0101\u017eas caurul\u0113m<br \/>\nVai uzglab\u0101\u0161ana var at\u0161\u0137irties p\u0113c izm\u0113ra \u017eurn\u0101la, zibspuldzes, na\u017ea utt<br \/>\nUz s\u0101niem ir aiztures siksnas, kas nodro\u0161ina pietiekamu spriedzi, lai saglab\u0101tu \u017eurn\u0101lu viet\u0101.<\/p>\n","protected":false},"featured_media":117763,"template":"","meta":{"_acf_changed":false},"product_brand":[],"product_cat":[1098,1100],"product_tag":[],"class_list":{"0":"post-150679","1":"product","2":"type-product","3":"status-publish","4":"has-post-thumbnail","6":"product_cat-maisini-somas-un-siksnas","7":"product_cat-uzglabasanas-kabatas","9":"first","10":"instock","11":"purchasable","12":"product-type-simple"},"acf":[],"_links":{"self":[{"href":"https:\/\/kingarms.ee\/lv\/wp-json\/wp\/v2\/product\/150679","targetHints":{"allow":["GET"]}}],"collection":[{"href":"https:\/\/kingarms.ee\/lv\/wp-json\/wp\/v2\/product"}],"about":[{"href":"https:\/\/kingarms.ee\/lv\/wp-json\/wp\/v2\/types\/product"}],"wp:featuredmedia":[{"embeddable":true,"href":"https:\/\/kingarms.ee\/lv\/wp-json\/wp\/v2\/media\/117763"}],"wp:attachment":[{"href":"https:\/\/kingarms.ee\/lv\/wp-json\/wp\/v2\/media?parent=150679"}],"wp:term":[{"taxonomy":"product_brand","embeddable":true,"href":"https:\/\/kingarms.ee\/lv\/wp-json\/wp\/v2\/product_brand?post=150679"},{"taxonomy":"product_cat","embeddable":true,"href":"https:\/\/kingarms.ee\/lv\/wp-json\/wp\/v2\/product_cat?post=150679"},{"taxonomy":"product_tag","embeddable":true,"href":"https:\/\/kingarms.ee\/lv\/wp-json\/wp\/v2\/product_tag?post=150679"}],"curies":[{"name":"wp","href":"https:\/\/api.w.org\/{rel}","templated":true}]}}