{"id":150681,"date":"2022-04-26T13:17:19","date_gmt":"2025-06-08T09:18:11","guid":{"rendered":"https:\/\/kingarms.ee\/product\/modular-open-top-double-mag-maisins-5-56-black-8fields\/"},"modified":"2025-06-08T12:18:11","modified_gmt":"2025-06-08T09:18:11","slug":"modular-open-top-double-mag-maisins-5-56-black-8fields","status":"publish","type":"product","link":"https:\/\/kingarms.ee\/lv\/product\/modular-open-top-double-mag-maisins-5-56-black-8fields\/","title":{"rendered":"MODULAR OPEN TOP DOUBLE MAG MAISI\u0145\u0160 5.56 BLACK 8FIELDS"},"content":{"rendered":"","protected":false},"excerpt":{"rendered":"<p>MODULAR OPEN TOP DOUBLE MAG MAISI\u0145\u0160 5.56 BLACK 8FIELDS<\/p>\n<p>Combo magazine maisi\u0146\u0161 var tur\u0113t 5.56 stila \u017eurn\u0101los (M4 \/ AR-15 \/ M16 \/ RD \/ FAMAS \/ SCAR-L \/ TAVOR \/ SA80 \/ Galil \/ Tips 89 \/ F2000 \/ AUG), vai daudzi citi aksesu\u0101ri. Atv\u0113rtais dizains nodro\u0161ina \u0101tru p\u0101rl\u0101d\u0113\u0161anu, un papildu gumijas vads ar \u0113rtu sa\u0137eri aizsarg\u0101 \u017eurn\u0101lu no kri\u0161anas.  Savietojams ar vis\u0101m MOLLE platform\u0101m.<\/p>\n","protected":false},"featured_media":117767,"template":"","meta":{"_acf_changed":false},"product_brand":[],"product_cat":[1098,1100],"product_tag":[],"class_list":{"0":"post-150681","1":"product","2":"type-product","3":"status-publish","4":"has-post-thumbnail","6":"product_cat-maisini-somas-un-siksnas","7":"product_cat-uzglabasanas-kabatas","9":"first","10":"instock","11":"purchasable","12":"product-type-simple"},"acf":[],"_links":{"self":[{"href":"https:\/\/kingarms.ee\/lv\/wp-json\/wp\/v2\/product\/150681","targetHints":{"allow":["GET"]}}],"collection":[{"href":"https:\/\/kingarms.ee\/lv\/wp-json\/wp\/v2\/product"}],"about":[{"href":"https:\/\/kingarms.ee\/lv\/wp-json\/wp\/v2\/types\/product"}],"wp:featuredmedia":[{"embeddable":true,"href":"https:\/\/kingarms.ee\/lv\/wp-json\/wp\/v2\/media\/117767"}],"wp:attachment":[{"href":"https:\/\/kingarms.ee\/lv\/wp-json\/wp\/v2\/media?parent=150681"}],"wp:term":[{"taxonomy":"product_brand","embeddable":true,"href":"https:\/\/kingarms.ee\/lv\/wp-json\/wp\/v2\/product_brand?post=150681"},{"taxonomy":"product_cat","embeddable":true,"href":"https:\/\/kingarms.ee\/lv\/wp-json\/wp\/v2\/product_cat?post=150681"},{"taxonomy":"product_tag","embeddable":true,"href":"https:\/\/kingarms.ee\/lv\/wp-json\/wp\/v2\/product_tag?post=150681"}],"curies":[{"name":"wp","href":"https:\/\/api.w.org\/{rel}","templated":true}]}}