{"id":150694,"date":"2024-01-17T12:16:33","date_gmt":"2025-06-08T10:47:13","guid":{"rendered":"https:\/\/kingarms.ee\/product\/bw-kaujas-mugursoma-65l\/"},"modified":"2025-08-03T13:23:00","modified_gmt":"2025-08-03T10:23:00","slug":"bw-kaujas-mugursoma-65l","status":"publish","type":"product","link":"https:\/\/kingarms.ee\/lv\/product\/bw-kaujas-mugursoma-65l\/","title":{"rendered":"BW Kaujas mugursoma 65L"},"content":{"rendered":"","protected":false},"excerpt":{"rendered":"<p>BW Kaujas mugursoma 65L<\/p>\n<p>regul\u0113jamas, polster\u0113tas plecu siksnas<br \/>\nregul\u0113jama piesprau\u017eama jostasvieta<br \/>\n1 aug\u0161\u0113jais rokturis<br \/>\ncilpas panelis apm. 15 x 2,5 cm aizmugur\u0113j\u0101 puse<br \/>\nV\u0100KS 1 ar Fiks\u0113tu kabatas ar atloku un<br \/>\nsiksnas aizdare un 1 priek\u0161\u0113j\u0101 izvelkam\u0101 kabata<br \/>\n\u0101\u0137a cilpa un 1 liela r\u0101v\u0113jsl\u0113dz\u0113ja kabata<br \/>\naiz<br \/>\nsadal\u0101ma galvenais nodal\u012bjums<br \/>\napak\u0161\u0101 atvilktne (string)<br \/>\n\u0100r\u0113jais R\u0101v\u0113jsl\u0113dz\u0113js, lai piek\u013c\u016btu apak\u0161\u0113jai atvilktnei<br \/>\ndubult\u0101 aukli\u0146a galvenaj\u0101 kamer\u0101<br \/>\nplakana ielikt\u0146a atvilktne, piem.<br \/>\nmiega papl\u0101te<br \/>\nalum\u012bnija stabilit\u0101tes stie\u0146a aug\u0161da\u013ca iek\u0161pus\u0113<br \/>\n2 s\u0101nu kabatas ar atloku un siksnas aizdari<br \/>\nmaza \u0101\u0137a cilpas kabata<br \/>\napak\u0161\u0113j\u0101 priek\u0161puse<br \/>\nda\u017e\u0101das mont\u0101\u017eas siksnas, 4 priek\u0161\u0113j\u0101 klik\u0161\u0137a aizv\u0113r\u0161ana<br \/>\nJauda: Apm. 65 l<br \/>\nIzm\u0113ri: apm. 43 x 63 x 21 cm (L x W x S)<br \/>\nSvars: apm. 1, 3 kg<br \/>\nMateri\u0101ls: 100% poliesters<\/p>\n","protected":false},"featured_media":134406,"template":"","meta":{"_acf_changed":false},"product_brand":[],"product_cat":[1098,1101],"product_tag":[],"class_list":{"0":"post-150694","1":"product","2":"type-product","3":"status-publish","4":"has-post-thumbnail","6":"product_cat-maisini-somas-un-siksnas","7":"product_cat-mugursomas","9":"first","10":"instock","11":"taxable","12":"shipping-taxable","13":"purchasable","14":"product-type-simple"},"acf":[],"_links":{"self":[{"href":"https:\/\/kingarms.ee\/lv\/wp-json\/wp\/v2\/product\/150694","targetHints":{"allow":["GET"]}}],"collection":[{"href":"https:\/\/kingarms.ee\/lv\/wp-json\/wp\/v2\/product"}],"about":[{"href":"https:\/\/kingarms.ee\/lv\/wp-json\/wp\/v2\/types\/product"}],"wp:featuredmedia":[{"embeddable":true,"href":"https:\/\/kingarms.ee\/lv\/wp-json\/wp\/v2\/media\/134406"}],"wp:attachment":[{"href":"https:\/\/kingarms.ee\/lv\/wp-json\/wp\/v2\/media?parent=150694"}],"wp:term":[{"taxonomy":"product_brand","embeddable":true,"href":"https:\/\/kingarms.ee\/lv\/wp-json\/wp\/v2\/product_brand?post=150694"},{"taxonomy":"product_cat","embeddable":true,"href":"https:\/\/kingarms.ee\/lv\/wp-json\/wp\/v2\/product_cat?post=150694"},{"taxonomy":"product_tag","embeddable":true,"href":"https:\/\/kingarms.ee\/lv\/wp-json\/wp\/v2\/product_tag?post=150694"}],"curies":[{"name":"wp","href":"https:\/\/api.w.org\/{rel}","templated":true}]}}