{"id":150700,"date":"2024-01-03T14:23:20","date_gmt":"2025-06-08T11:12:00","guid":{"rendered":"https:\/\/kingarms.ee\/product\/strike-eagle-1-6x24-30mm-virpulis\/"},"modified":"2025-08-03T13:53:41","modified_gmt":"2025-08-03T10:53:41","slug":"strike-eagle-1-6x24-30mm-virpulis","status":"publish","type":"product","link":"https:\/\/kingarms.ee\/lv\/product\/strike-eagle-1-6x24-30mm-virpulis\/","title":{"rendered":"Strike Eagle 1-6&#215;24 30mm (virpulis)"},"content":{"rendered":"","protected":false},"excerpt":{"rendered":"<p>Strike Eagle 1-6&#215;24 30mm (virpulis)<\/p>\n<p>Vortex Strike Eagle 1-6&#215;24 ir univers\u0101ls med\u012bbu\/sporta m\u0113r\u0137is ar apgaismotu ar-bdc3 m\u0113r\u0137i un sviru \u0101trai t\u0101lummai\u0146as regul\u0113\u0161anai fon\u0101.<\/p>\n<p>Otr\u0101s paaudzes Vortex Strike eeagle optika ietver vair\u0101kas svar\u012bgas dizaina izmai\u0146as, kas \u013cauj \u0101tr\u0101k ievietot m\u0113r\u0137i, fotograf\u0113t \u012bsu un lielu att\u0101lumu (l\u012bdz 595 m) un t\u016bl\u012bt\u0113jas palielin\u0101juma izmai\u0146as p\u0113c katra kadra.<\/p>\n<p>Atsitiena un laika apst\u0101k\u013cu iztur\u012bgs dizains<br \/>\nViengabala fizel\u0101\u017ea ir izgatavota no viena 6061-T6 lidma\u0161\u012bnas alum\u012bnija gabala, t\u0101d\u0113j\u0101di nodro\u0161inot iztur\u012bbu pret pretreakciju, koroziju un meh\u0101niskiem boj\u0101jumiem.<\/p>\n<p>Anod\u0113ta caurule ir \u013coti iztur\u012bga pretatstarojo\u0161a apdare, kas nov\u0113r\u0161 skr\u0101p\u0113jumus un virsmas nodilumu.<\/p>\n<p>Prec\u012bzu bl\u012bv\u0113jumu un pild\u012b\u0161anas optikai ar sauso sl\u0101pekli, kas piln\u012bb\u0101 nov\u0113r\u0161 iek\u0161\u0113jo iztvaiko\u0161anas probl\u0113ma (rasa) no objekt\u012bva un nodro\u0161ina IPX7-rated aizsardz\u012bbu, pateicoties kuriem scoop ir iztur\u012bgs pret lietus, sniega un iegremd\u0113\u0161anas \u016bden\u012b.<\/p>\n<p>30 mm diametra caurule pied\u0101v\u0101 pla\u0161u vertik\u0101l\u0101s un horizont\u0101l\u0101s regul\u0113\u0161anas diapazonu (140 MOA), kas \u013cauj fotograf\u0113t no att\u0101luma l\u012bdz 595 m.<\/p>\n<p>Uz \u0101r\u0113j\u0101m l\u0113c\u0101m tiek uzkl\u0101ts ciets un iztur\u012bgs ArmorTek p\u0101rkl\u0101jums, kas pasarg\u0101 tos no skr\u0101p\u0113jumiem, net\u012brumiem, mitruma un e\u013c\u013c\u0101m.<\/p>\n<p>\u0160\u0101ds dizains Noz\u012bm\u0113, ka darb\u012bbas jomas var dro\u0161i izmantot visos laika apst\u0101k\u013cos, nebaidoties saboj\u0101t optiku.<\/p>\n<p>Uz Okul\u0101ra ir uzst\u0101d\u012bta praktiska t\u0101lummai\u0146as svira, kas \u013cauj \u0101tri main\u012bt palielin\u0101jumu starp kadriem.<\/p>\n<p>Lai piel\u0101gotu re\u017e\u0123i, ir p\u0101rkl\u0101ti zema profila turrets ar molu p\u0101rsegiem, kas \u013cauj main\u012bt iestat\u012bjumus pat tad, ja valk\u0101 cimdus. Tor\u0146a klik\u0161\u0137is p\u0101rvieto re\u017e\u0123i par 1\/2 MOA (14,55 mm\/100 m). Pilns re\u017e\u0123a regul\u0113\u0161anas diapazons ir 140 MOA vertik\u0101li un horizont\u0101li.<\/p>\n<p>Thevortex Strike Eagle 1 &#8211; 6&#215;24 ir daudzpus\u012bgs un uzticams distan\u010du m\u0113r\u0137is, kas ir ide\u0101li piem\u0113rots grupu med\u012bb\u0101m un 3-gun dinamiskai \u0161au\u0161anas optikai.<\/p>\n","protected":false},"featured_media":133343,"template":"","meta":{"_acf_changed":false},"product_brand":[],"product_cat":[1030,1027],"product_tag":[],"class_list":{"0":"post-150700","1":"product","2":"type-product","3":"status-publish","4":"has-post-thumbnail","6":"product_cat-optiskais-merkis","7":"product_cat-telot","9":"first","10":"instock","11":"taxable","12":"shipping-taxable","13":"purchasable","14":"product-type-simple"},"acf":[],"_links":{"self":[{"href":"https:\/\/kingarms.ee\/lv\/wp-json\/wp\/v2\/product\/150700","targetHints":{"allow":["GET"]}}],"collection":[{"href":"https:\/\/kingarms.ee\/lv\/wp-json\/wp\/v2\/product"}],"about":[{"href":"https:\/\/kingarms.ee\/lv\/wp-json\/wp\/v2\/types\/product"}],"wp:featuredmedia":[{"embeddable":true,"href":"https:\/\/kingarms.ee\/lv\/wp-json\/wp\/v2\/media\/133343"}],"wp:attachment":[{"href":"https:\/\/kingarms.ee\/lv\/wp-json\/wp\/v2\/media?parent=150700"}],"wp:term":[{"taxonomy":"product_brand","embeddable":true,"href":"https:\/\/kingarms.ee\/lv\/wp-json\/wp\/v2\/product_brand?post=150700"},{"taxonomy":"product_cat","embeddable":true,"href":"https:\/\/kingarms.ee\/lv\/wp-json\/wp\/v2\/product_cat?post=150700"},{"taxonomy":"product_tag","embeddable":true,"href":"https:\/\/kingarms.ee\/lv\/wp-json\/wp\/v2\/product_tag?post=150700"}],"curies":[{"name":"wp","href":"https:\/\/api.w.org\/{rel}","templated":true}]}}