{"id":150708,"date":"2020-06-01T16:20:00","date_gmt":"2020-06-01T13:20:00","guid":{"rendered":"https:\/\/kingarms.ee\/product\/cm16-raider-l-2-0-e-tuksnesa-iedegums-g-g\/"},"modified":"2025-06-08T14:25:47","modified_gmt":"2025-06-08T11:25:47","slug":"cm16-raider-l-2-0-e-tuksnesa-iedegums-g-g","status":"publish","type":"product","link":"https:\/\/kingarms.ee\/lv\/product\/cm16-raider-l-2-0-e-tuksnesa-iedegums-g-g\/","title":{"rendered":"CM16 RAIDER L 2.0 E TUKSNE\u0160A IEDEGUMS G &amp; G"},"content":{"rendered":"<p><a href=\"https:\/\/kingarms.ee\/wp-content\/uploads\/2020\/06\/gg-armament-electric-rifle-cm16-raider-l-2-0e-desert-gg-cm16rlt-300x300.jpg\"><img loading=\"lazy\" decoding=\"async\" class=\"alignnone size-medium\" src=\"https:\/\/kingarms.ee\/wp-content\/uploads\/2020\/06\/gg-armament-electric-rifle-cm16-raider-l-2-0e-desert-gg-cm16rlt-300x300.jpg\" alt=\"\" width=\"300\" height=\"300\"><\/a><\/p>\n","protected":false},"excerpt":{"rendered":"<p>CM16 RAIDER L 2.0 E TUKSNE\u0160A IEDEGUMS G &amp; G<\/p>\n<p>Neilona auduma korpuss<br \/>\n450 k\u0101rtas hi-cap \u017durn\u0101ls<br \/>\nAlum\u012bnija M-lok rokas aizsargs<br \/>\nIevelkams kr\u0101jums<br \/>\nFlip-up apskates vietas<br \/>\nBiseksu\u0101\u013cu \u017durn\u0101ls nozvejas pogu<br \/>\nRegul\u0113jams hopup<br \/>\nMosfet un etu<br \/>\nUguns re\u017e\u012bms: dro\u0161s, viena \u0161\u0101viena un pilna auto (var iestat\u012bt l\u012bdz 3 k\u0101rt\u0101s p\u0101rspr\u0101gt)<br \/>\n18000 apgr. \/ min hi-griezes momenta gar\u0101s ass motors<br \/>\nAkumulators un akumulatora l\u0101d\u0113t\u0101js nav iek\u013cauts<br \/>\nGarums 750mm-840mm<br \/>\nSvars 2300g<br \/>\nTuksne\u0161a iedeguma kr\u0101sa<br \/>\nAkumulators un akumulatora l\u0101d\u0113t\u0101js nav iek\u013cauts<\/p>\n","protected":false},"featured_media":154681,"template":"","meta":{"_acf_changed":false},"product_brand":[],"product_cat":[1001],"product_tag":[1317],"class_list":{"0":"post-150708","1":"product","2":"type-product","3":"status-publish","4":"has-post-thumbnail","6":"product_cat-tirdzniecibas-automati","7":"product_tag-4blss3ph-lv","9":"first","10":"onbackorder","11":"taxable","12":"shipping-taxable","13":"product-type-simple"},"acf":[],"_links":{"self":[{"href":"https:\/\/kingarms.ee\/lv\/wp-json\/wp\/v2\/product\/150708","targetHints":{"allow":["GET"]}}],"collection":[{"href":"https:\/\/kingarms.ee\/lv\/wp-json\/wp\/v2\/product"}],"about":[{"href":"https:\/\/kingarms.ee\/lv\/wp-json\/wp\/v2\/types\/product"}],"wp:featuredmedia":[{"embeddable":true,"href":"https:\/\/kingarms.ee\/lv\/wp-json\/wp\/v2\/media\/154681"}],"wp:attachment":[{"href":"https:\/\/kingarms.ee\/lv\/wp-json\/wp\/v2\/media?parent=150708"}],"wp:term":[{"taxonomy":"product_brand","embeddable":true,"href":"https:\/\/kingarms.ee\/lv\/wp-json\/wp\/v2\/product_brand?post=150708"},{"taxonomy":"product_cat","embeddable":true,"href":"https:\/\/kingarms.ee\/lv\/wp-json\/wp\/v2\/product_cat?post=150708"},{"taxonomy":"product_tag","embeddable":true,"href":"https:\/\/kingarms.ee\/lv\/wp-json\/wp\/v2\/product_tag?post=150708"}],"curies":[{"name":"wp","href":"https:\/\/api.w.org\/{rel}","templated":true}]}}