{"id":150718,"date":"2020-06-01T16:20:00","date_gmt":"2020-06-01T13:20:00","guid":{"rendered":"https:\/\/kingarms.ee\/product\/cm16-mod0-melns-g-g\/"},"modified":"2025-06-08T14:32:11","modified_gmt":"2025-06-08T11:32:11","slug":"cm16-mod0-melns-g-g","status":"publish","type":"product","link":"https:\/\/kingarms.ee\/lv\/product\/cm16-mod0-melns-g-g\/","title":{"rendered":"CM16 MOD0 MELNS G &amp; G"},"content":{"rendered":"<p><a href=\"https:\/\/kingarms.ee\/wp-content\/uploads\/2020\/06\/gg-electric-rifle-cm16-mod0-black-ggmod0-300x300.jpg\"><img loading=\"lazy\" decoding=\"async\" class=\"alignnone size-medium\" src=\"https:\/\/kingarms.ee\/wp-content\/uploads\/2020\/06\/gg-electric-rifle-cm16-mod0-black-ggmod0-300x300.jpg\" alt=\"\" width=\"300\" height=\"300\"><\/a><\/p>\n","protected":false},"excerpt":{"rendered":"<p>CM16 MOD0 MELNS G &amp; G<\/p>\n<p>G &amp; g elektrisk\u0101 \u0161autene cm16 mod 0<br \/>\nCombat machine edition<br \/>\nMet\u0101la P\u0101rnesumk\u0101rbas versija 2, 8mm<br \/>\n\u017durn\u0101ls 450 k\u0101rtas<br \/>\nMucas garums 330mm<br \/>\nMotors: 18000 apgr. \/ min hi-griezes moments, gar\u0101 ass<br \/>\nRegul\u0113jams priek\u0161\u0113jais un aizmugur\u0113jais skats<br \/>\n\u0160autenes garums 763mm<br \/>\nSvars 2570g<br \/>\nMelna kr\u0101sa<\/p>\n","protected":false},"featured_media":154667,"template":"","meta":{"_acf_changed":false},"product_brand":[],"product_cat":[1001],"product_tag":[1317],"class_list":{"0":"post-150718","1":"product","2":"type-product","3":"status-publish","4":"has-post-thumbnail","6":"product_cat-tirdzniecibas-automati","7":"product_tag-4blss3ph-lv","9":"first","10":"onbackorder","11":"taxable","12":"shipping-taxable","13":"product-type-simple"},"acf":[],"_links":{"self":[{"href":"https:\/\/kingarms.ee\/lv\/wp-json\/wp\/v2\/product\/150718","targetHints":{"allow":["GET"]}}],"collection":[{"href":"https:\/\/kingarms.ee\/lv\/wp-json\/wp\/v2\/product"}],"about":[{"href":"https:\/\/kingarms.ee\/lv\/wp-json\/wp\/v2\/types\/product"}],"wp:featuredmedia":[{"embeddable":true,"href":"https:\/\/kingarms.ee\/lv\/wp-json\/wp\/v2\/media\/154667"}],"wp:attachment":[{"href":"https:\/\/kingarms.ee\/lv\/wp-json\/wp\/v2\/media?parent=150718"}],"wp:term":[{"taxonomy":"product_brand","embeddable":true,"href":"https:\/\/kingarms.ee\/lv\/wp-json\/wp\/v2\/product_brand?post=150718"},{"taxonomy":"product_cat","embeddable":true,"href":"https:\/\/kingarms.ee\/lv\/wp-json\/wp\/v2\/product_cat?post=150718"},{"taxonomy":"product_tag","embeddable":true,"href":"https:\/\/kingarms.ee\/lv\/wp-json\/wp\/v2\/product_tag?post=150718"}],"curies":[{"name":"wp","href":"https:\/\/api.w.org\/{rel}","templated":true}]}}