{"id":150725,"date":"2022-04-25T12:55:07","date_gmt":"2025-06-08T11:48:39","guid":{"rendered":"https:\/\/kingarms.ee\/product\/vortex-vtx-miglas-bezmaksas-optikas-komplekts-kaste\/"},"modified":"2025-06-08T14:48:39","modified_gmt":"2025-06-08T11:48:39","slug":"vortex-vtx-miglas-bezmaksas-optikas-komplekts-kaste","status":"publish","type":"product","link":"https:\/\/kingarms.ee\/lv\/product\/vortex-vtx-miglas-bezmaksas-optikas-komplekts-kaste\/","title":{"rendered":"Vortex VTX miglas bezmaksas optikas komplekts kast\u0113"},"content":{"rendered":"","protected":false},"excerpt":{"rendered":"<p>Vortex VTX miglas bezmaksas optikas komplekts kast\u0113<\/p>\n<p>Pilns komplekts t\u012br\u012b\u0161anai un uztur\u0113\u0161anai Vortex VTX Miglas Br\u012bvu optiku. Lieliski piem\u0113rots visu veidu \u0161autenes tv\u0113rumiem, sm\u0113r\u0113\u0161an\u0101s tv\u0113rumiem, binok\u013ciem, monokul\u0101riem un citiem izstr\u0101d\u0101jumiem, kuriem nepiecie\u0161ama stikla t\u012br\u012b\u0161ana. Papildu komponents aizsarg\u0101 un nov\u0113r\u0161 miglo\u0161anos, kas piem\u0113rota stikla un platte l\u0113c\u0101m.  <\/p>\n","protected":false},"featured_media":118726,"template":"","meta":{"_acf_changed":false},"product_brand":[],"product_cat":[1012],"product_tag":[],"class_list":{"0":"post-150725","1":"product","2":"type-product","3":"status-publish","4":"has-post-thumbnail","6":"product_cat-ierocu-uzturesana","8":"first","9":"instock","10":"purchasable","11":"product-type-simple"},"acf":[],"_links":{"self":[{"href":"https:\/\/kingarms.ee\/lv\/wp-json\/wp\/v2\/product\/150725","targetHints":{"allow":["GET"]}}],"collection":[{"href":"https:\/\/kingarms.ee\/lv\/wp-json\/wp\/v2\/product"}],"about":[{"href":"https:\/\/kingarms.ee\/lv\/wp-json\/wp\/v2\/types\/product"}],"wp:featuredmedia":[{"embeddable":true,"href":"https:\/\/kingarms.ee\/lv\/wp-json\/wp\/v2\/media\/118726"}],"wp:attachment":[{"href":"https:\/\/kingarms.ee\/lv\/wp-json\/wp\/v2\/media?parent=150725"}],"wp:term":[{"taxonomy":"product_brand","embeddable":true,"href":"https:\/\/kingarms.ee\/lv\/wp-json\/wp\/v2\/product_brand?post=150725"},{"taxonomy":"product_cat","embeddable":true,"href":"https:\/\/kingarms.ee\/lv\/wp-json\/wp\/v2\/product_cat?post=150725"},{"taxonomy":"product_tag","embeddable":true,"href":"https:\/\/kingarms.ee\/lv\/wp-json\/wp\/v2\/product_tag?post=150725"}],"curies":[{"name":"wp","href":"https:\/\/api.w.org\/{rel}","templated":true}]}}