{"id":150726,"date":"2022-09-21T14:24:18","date_gmt":"2025-06-08T11:49:27","guid":{"rendered":"https:\/\/kingarms.ee\/product\/pistoles-skapis-ge-450-k-l\/"},"modified":"2025-06-08T14:49:27","modified_gmt":"2025-06-08T11:49:27","slug":"pistoles-skapis-ge-450-k-l","status":"publish","type":"product","link":"https:\/\/kingarms.ee\/lv\/product\/pistoles-skapis-ge-450-k-l\/","title":{"rendered":"Pistoles skapis GE.450.K.L"},"content":{"rendered":"<p>Pistoles skapis GE.450.K.L<\/p>\n<p><img loading=\"lazy\" decoding=\"async\" class=\"alignnone size-medium wp-image-61881\" src=\"https:\/\/kingarms.ee\/wp-content\/uploads\/2022\/09\/GE.450-open-new-section-500x500-1-300x300.jpeg\" alt=\"\" width=\"300\" height=\"300\" srcset=\"https:\/\/kingarms.ee\/wp-content\/uploads\/2022\/09\/GE.450-open-new-section-500x500-1-300x300.jpeg 300w, https:\/\/kingarms.ee\/wp-content\/uploads\/2022\/09\/GE.450-open-new-section-500x500-1-150x150.jpeg 150w, https:\/\/kingarms.ee\/wp-content\/uploads\/2022\/09\/GE.450-open-new-section-500x500-1.jpeg 500w\" sizes=\"auto, (max-width: 300px) 100vw, 300px\" \/><\/p>\n","protected":false},"excerpt":{"rendered":"<p>GE GRIFFON European series burglar proof gun safe ir sertific\u0113ts Eiropas laboratorij\u0101 ECB-s, un tam ir S1 klases sertifik\u0101ts saska\u0146\u0101 ar EN 14450. Un \u0161\u0101das \u012bpa\u0161\u012bbas: <\/p>\n<p>Anti-z\u0101dz\u012bba dizains &#8220;\u0100\u0137is&#8221;, kas ne\u013cauj atv\u0113rt durvis ar asu priek\u0161metu vai skr\u016bvgriezi<br \/>\nMet\u0101la biezums-3 mm<br \/>\n\u010cetrvirzienu blo\u0137\u0113\u0161anas sist\u0113ma, akt\u012bv\u0101s hroma rot\u0113jo\u0161\u0101s Skr\u016bves, 25 mm<br \/>\nR\u016bd\u012bta t\u0113rauda sakaus\u0113juma pl\u0101ksnes aizsardz\u012bbai pret urb\u0161anas un klauv\u0113 no sl\u0113dzenes un crossbars<br \/>\nIek\u0161\u0113j\u0101 pretgrie\u0161anas cilpa<br \/>\nNo\u0146emami e\u0146\u0123u elementi uz durv\u012bm, p\u0101rk\u0101rtoti: kabatas kasetn\u0113m un papl\u0101te iero\u010du kop\u0161anas l\u012bdzek\u013ciem, tur\u0113t\u0101js ramros, \u0101\u0137i<br \/>\nRamrod tur\u0113t\u0101ji 2-4 gab.<br \/>\nP\u0101rn\u0113s\u0101jams iero\u010du \u0161\u016bpulis ar optiku un no\u0146emamu magn\u0113tisko \u0161\u016bpuli (iestat\u012bts uz jebkuru piem\u0113rotu augstumu)<br \/>\nSeifs paredz\u0113ts l\u012bdz 1450 mm augstiem iero\u010diem<\/p>\n<p>Svars, 114 kg<br \/>\nTilpums, l 194<br \/>\nDurvis-met\u0101la biezums, mm 3<br \/>\nKorpuss met\u0101la biezums, mm 3<br \/>\nIelau\u0161an\u0101s pretest\u012bbas klase S1 saska\u0146\u0101 ar EN 14450<\/p>\n","protected":false},"featured_media":132695,"template":"","meta":{"_acf_changed":false},"product_brand":[],"product_cat":[1126],"product_tag":[],"class_list":{"0":"post-150726","1":"product","2":"type-product","3":"status-publish","4":"has-post-thumbnail","6":"product_cat-seifs","8":"first","9":"instock","10":"taxable","11":"shipping-taxable","12":"purchasable","13":"product-type-simple"},"acf":[],"_links":{"self":[{"href":"https:\/\/kingarms.ee\/lv\/wp-json\/wp\/v2\/product\/150726","targetHints":{"allow":["GET"]}}],"collection":[{"href":"https:\/\/kingarms.ee\/lv\/wp-json\/wp\/v2\/product"}],"about":[{"href":"https:\/\/kingarms.ee\/lv\/wp-json\/wp\/v2\/types\/product"}],"wp:featuredmedia":[{"embeddable":true,"href":"https:\/\/kingarms.ee\/lv\/wp-json\/wp\/v2\/media\/132695"}],"wp:attachment":[{"href":"https:\/\/kingarms.ee\/lv\/wp-json\/wp\/v2\/media?parent=150726"}],"wp:term":[{"taxonomy":"product_brand","embeddable":true,"href":"https:\/\/kingarms.ee\/lv\/wp-json\/wp\/v2\/product_brand?post=150726"},{"taxonomy":"product_cat","embeddable":true,"href":"https:\/\/kingarms.ee\/lv\/wp-json\/wp\/v2\/product_cat?post=150726"},{"taxonomy":"product_tag","embeddable":true,"href":"https:\/\/kingarms.ee\/lv\/wp-json\/wp\/v2\/product_tag?post=150726"}],"curies":[{"name":"wp","href":"https:\/\/api.w.org\/{rel}","templated":true}]}}