{"id":150732,"date":"2022-04-25T12:55:07","date_gmt":"2025-06-08T11:52:26","guid":{"rendered":"https:\/\/kingarms.ee\/product\/megalina-pistoles-korpuss-melns-49x24x9-cm-eco\/"},"modified":"2025-06-08T14:52:26","modified_gmt":"2025-06-08T11:52:26","slug":"megalina-pistoles-korpuss-melns-49x24x9-cm-eco","status":"publish","type":"product","link":"https:\/\/kingarms.ee\/lv\/product\/megalina-pistoles-korpuss-melns-49x24x9-cm-eco\/","title":{"rendered":"Megal\u012bna pistoles korpuss Melns 49X24X9 cm ECO"},"content":{"rendered":"","protected":false},"excerpt":{"rendered":"<p>Megal\u012bna pistoles korpuss Melns 49X24X9 cm ECO<\/p>\n<p>Bag\u0101\u017enieks k\u0101jnieku iero\u010du p\u0101rvad\u0101\u0161anai, kas izgatavots no iztur\u012bgas plastmasas, izkl\u0101ta ar biezu s\u016bkli ar t\u0101 saukto haizivju \u017eok\u013cu strukt\u016bru-t\u0101, ka iero\u010dam transport\u0113\u0161anas laik\u0101 nav iesp\u0113jas p\u0101rvietoties.<\/p>\n<p>Sl\u0113gts ar div\u0101m spr\u0101dz\u0113m, ar papildu iesp\u0113ju blo\u0137\u0113t ar piekaramo atsl\u0113gu. Ra\u017eots It\u0101lij\u0101, augstas kvalit\u0101tes meistar\u012bba. <\/p>\n","protected":false},"featured_media":117245,"template":"","meta":{"_acf_changed":false},"product_brand":[],"product_cat":[1058,1098,1103],"product_tag":[],"class_list":{"0":"post-150732","1":"product","2":"type-product","3":"status-publish","4":"has-post-thumbnail","6":"product_cat-kofazes","7":"product_cat-maisini-somas-un-siksnas","8":"product_cat-somas-lv","10":"first","11":"instock","12":"purchasable","13":"product-type-simple"},"acf":[],"_links":{"self":[{"href":"https:\/\/kingarms.ee\/lv\/wp-json\/wp\/v2\/product\/150732","targetHints":{"allow":["GET"]}}],"collection":[{"href":"https:\/\/kingarms.ee\/lv\/wp-json\/wp\/v2\/product"}],"about":[{"href":"https:\/\/kingarms.ee\/lv\/wp-json\/wp\/v2\/types\/product"}],"wp:featuredmedia":[{"embeddable":true,"href":"https:\/\/kingarms.ee\/lv\/wp-json\/wp\/v2\/media\/117245"}],"wp:attachment":[{"href":"https:\/\/kingarms.ee\/lv\/wp-json\/wp\/v2\/media?parent=150732"}],"wp:term":[{"taxonomy":"product_brand","embeddable":true,"href":"https:\/\/kingarms.ee\/lv\/wp-json\/wp\/v2\/product_brand?post=150732"},{"taxonomy":"product_cat","embeddable":true,"href":"https:\/\/kingarms.ee\/lv\/wp-json\/wp\/v2\/product_cat?post=150732"},{"taxonomy":"product_tag","embeddable":true,"href":"https:\/\/kingarms.ee\/lv\/wp-json\/wp\/v2\/product_tag?post=150732"}],"curies":[{"name":"wp","href":"https:\/\/api.w.org\/{rel}","templated":true}]}}