{"id":150736,"date":"2022-05-10T14:20:00","date_gmt":"2025-06-08T11:54:09","guid":{"rendered":"https:\/\/kingarms.ee\/product\/adapteris-akumulatoram-tamiya-large-t-connect\/"},"modified":"2025-06-08T14:54:09","modified_gmt":"2025-06-08T11:54:09","slug":"adapteris-akumulatoram-tamiya-large-t-connect","status":"publish","type":"product","link":"https:\/\/kingarms.ee\/lv\/product\/adapteris-akumulatoram-tamiya-large-t-connect\/","title":{"rendered":"Adapteris akumulatoram Tamiya Large \/ T-Connect"},"content":{"rendered":"","protected":false},"excerpt":{"rendered":"<p>\u0160is Electro River adapteris \u013cauj savienot baterijas ar ASG kopiju vai l\u0101d\u0113t\u0101ju elektriskaj\u0101m sist\u0113m\u0101m. Produktam ir v\u012brie\u0161u Tamiya liels savienot\u0101js un v\u012brie\u0161u T-DEAN savienot\u0101js. Tamiya savienot\u0101js ir apr\u012bkots ar blo\u0137\u0113\u0161anas fiksatoru, kas nov\u0113r\u0161 nejau\u0161u atvieno\u0161anu. Produkta neto svars ir 5 g.   <\/p>\n","protected":false},"featured_media":118820,"template":"","meta":{"_acf_changed":false},"product_brand":[],"product_cat":[1052],"product_tag":[],"class_list":{"0":"post-150736","1":"product","2":"type-product","3":"status-publish","4":"has-post-thumbnail","6":"product_cat-battoreses-un-ladetaji","8":"first","9":"instock","10":"taxable","11":"shipping-taxable","12":"purchasable","13":"product-type-simple"},"acf":[],"_links":{"self":[{"href":"https:\/\/kingarms.ee\/lv\/wp-json\/wp\/v2\/product\/150736","targetHints":{"allow":["GET"]}}],"collection":[{"href":"https:\/\/kingarms.ee\/lv\/wp-json\/wp\/v2\/product"}],"about":[{"href":"https:\/\/kingarms.ee\/lv\/wp-json\/wp\/v2\/types\/product"}],"wp:featuredmedia":[{"embeddable":true,"href":"https:\/\/kingarms.ee\/lv\/wp-json\/wp\/v2\/media\/118820"}],"wp:attachment":[{"href":"https:\/\/kingarms.ee\/lv\/wp-json\/wp\/v2\/media?parent=150736"}],"wp:term":[{"taxonomy":"product_brand","embeddable":true,"href":"https:\/\/kingarms.ee\/lv\/wp-json\/wp\/v2\/product_brand?post=150736"},{"taxonomy":"product_cat","embeddable":true,"href":"https:\/\/kingarms.ee\/lv\/wp-json\/wp\/v2\/product_cat?post=150736"},{"taxonomy":"product_tag","embeddable":true,"href":"https:\/\/kingarms.ee\/lv\/wp-json\/wp\/v2\/product_tag?post=150736"}],"curies":[{"name":"wp","href":"https:\/\/api.w.org\/{rel}","templated":true}]}}