{"id":150738,"date":"2022-05-10T14:15:00","date_gmt":"2025-06-08T11:55:15","guid":{"rendered":"https:\/\/kingarms.ee\/product\/adapteris-akumulatoram-t-connect-tamiya-large\/"},"modified":"2025-06-08T14:55:15","modified_gmt":"2025-06-08T11:55:15","slug":"adapteris-akumulatoram-t-connect-tamiya-large","status":"publish","type":"product","link":"https:\/\/kingarms.ee\/lv\/product\/adapteris-akumulatoram-t-connect-tamiya-large\/","title":{"rendered":"Adapteris akumulatoram T-Connect \/ Tamiya Large"},"content":{"rendered":"","protected":false},"excerpt":{"rendered":"<p>\u0160is adapteris \u013cauj savienot baterijas ar ASG kopiju vai l\u0101d\u0113t\u0101ju elektriskaj\u0101m sist\u0113m\u0101m. Produktam ir Tamiya liels v\u012brie\u0161u savienot\u0101js un aT-DEAN sievie\u0161u savienot\u0101js. Tamiya savienot\u0101js ir apr\u012bkots ar blo\u0137\u0113\u0161anas fiksatoru, kas nov\u0113r\u0161 nejau\u0161u atvieno\u0161anu. Produkta neto svars ir 5 g.   <\/p>\n","protected":false},"featured_media":118818,"template":"","meta":{"_acf_changed":false},"product_brand":[],"product_cat":[1052],"product_tag":[],"class_list":{"0":"post-150738","1":"product","2":"type-product","3":"status-publish","4":"has-post-thumbnail","6":"product_cat-battoreses-un-ladetaji","8":"first","9":"onbackorder","10":"taxable","11":"shipping-taxable","12":"product-type-simple"},"acf":[],"_links":{"self":[{"href":"https:\/\/kingarms.ee\/lv\/wp-json\/wp\/v2\/product\/150738","targetHints":{"allow":["GET"]}}],"collection":[{"href":"https:\/\/kingarms.ee\/lv\/wp-json\/wp\/v2\/product"}],"about":[{"href":"https:\/\/kingarms.ee\/lv\/wp-json\/wp\/v2\/types\/product"}],"wp:featuredmedia":[{"embeddable":true,"href":"https:\/\/kingarms.ee\/lv\/wp-json\/wp\/v2\/media\/118818"}],"wp:attachment":[{"href":"https:\/\/kingarms.ee\/lv\/wp-json\/wp\/v2\/media?parent=150738"}],"wp:term":[{"taxonomy":"product_brand","embeddable":true,"href":"https:\/\/kingarms.ee\/lv\/wp-json\/wp\/v2\/product_brand?post=150738"},{"taxonomy":"product_cat","embeddable":true,"href":"https:\/\/kingarms.ee\/lv\/wp-json\/wp\/v2\/product_cat?post=150738"},{"taxonomy":"product_tag","embeddable":true,"href":"https:\/\/kingarms.ee\/lv\/wp-json\/wp\/v2\/product_tag?post=150738"}],"curies":[{"name":"wp","href":"https:\/\/api.w.org\/{rel}","templated":true}]}}