{"id":150739,"date":"2022-04-18T12:19:51","date_gmt":"2025-06-08T11:55:56","guid":{"rendered":"https:\/\/kingarms.ee\/product\/hs510c-saules-sarkans-aplis-dot-redzes-combo-ar-hm-3x-holosun\/"},"modified":"2025-06-08T14:55:56","modified_gmt":"2025-06-08T11:55:56","slug":"hs510c-saules-sarkans-aplis-dot-redzes-combo-ar-hm-3x-holosun","status":"publish","type":"product","link":"https:\/\/kingarms.ee\/lv\/product\/hs510c-saules-sarkans-aplis-dot-redzes-combo-ar-hm-3x-holosun\/","title":{"rendered":"HS510C Saules sarkans aplis Dot redzes Combo ar HM 3x Holosun"},"content":{"rendered":"","protected":false},"excerpt":{"rendered":"<p>HS510C Saules sarkans aplis Dot redzes Combo ar HM 3x Holosun<\/p>\n<p>\u0160\u012b v\u0113rt\u012bba Holosun combo komplekts ietver Holosun HS510C Vair\u0101ku Recticle Red Dot redzi, Holosun HM3X lupu un noder\u012bgu aizsardz\u012bbas uzglab\u0101\u0161anas gad\u012bjum\u0101.\u2028Holosun HS510C Multiple Reticle Red Dot Sight: Holosun HS510C Multiple Reticle Red Dot Sight ir racionaliz\u0113ts korpusa dizains ar atv\u0113rtu r\u0101mi pla\u0161am redzes att\u0113lam un minimiz\u0113ts redzes \u0161\u0137\u0113rslis. \u0160iem Holosun Red Dot apskates objektiem ir neticams akumulatora darb\u012bbas laiks l\u012bdz 5 gadiem ar modernu LED tehnolo\u0123iju. Tie ir apr\u012bkoti ar modernu Super saules tehnolo\u0123iju ar akumulatora dubl\u0113jumu. Apr\u012bkots ar aizsarg\u0101jo\u0161u tit\u0101na sakaus\u0113juma p\u0101rsegu, Holosun HS510C Circle Dot darb\u012bbas joma ar 3 t\u012bkli\u0146u opcij\u0101m ir \u016bdensiztur\u012bga l\u012bdz 1m un pietiekami iztur\u012bga pat smag\u0101kajiem kalibriem. Kad katrs shot skaits, palielin\u0101t savu precizit\u0101ti un ieg\u016bt m\u0113r\u0137us \u0101tri ar Holosun HS510C paralakse bezmaksas Red Dot\/Aplis redzi. Holosun HM3X Lupa: jauns 2019. gadam, Holosun ar lepnumu iepaz\u012bstina ar lab\u0101ko lupas v\u0113rt\u012bbu tirg\u016b \u0161odien. HM3X palielin\u0101t\u0101ju l\u012bnija \u013caus operatoram neman\u0101mi p\u0101riet no nemagnific\u0113ta uz 3x palielin\u0101jumu. Jaunajam Holosun HM3X ir regul\u0113jams dioptrijs, lai izsauktu v\u0113lamo fokusu, \u0101rk\u0101rt\u012bgi Dzidrs stikls un \u013coti d\u0101sns acu atvieglojums. Mont\u0101\u017eas iesp\u0113jas ietver integr\u0113tu QD stiprin\u0101jumu ar izv\u0113les starpliku absol\u016btam l\u012bdz lieciniekam un zem\u0101kam l\u012bdz lieciniekam. Holosun\u00c3s HM3X ir iztur\u012bgs alum\u012bnija korpuss.<\/p>\n","protected":false},"featured_media":116997,"template":"","meta":{"_acf_changed":false},"product_brand":[],"product_cat":[1031],"product_tag":[],"class_list":{"0":"post-150739","1":"product","2":"type-product","3":"status-publish","4":"has-post-thumbnail","6":"product_cat-sarkana-vieta","8":"first","9":"onbackorder","10":"product-type-simple"},"acf":[],"_links":{"self":[{"href":"https:\/\/kingarms.ee\/lv\/wp-json\/wp\/v2\/product\/150739","targetHints":{"allow":["GET"]}}],"collection":[{"href":"https:\/\/kingarms.ee\/lv\/wp-json\/wp\/v2\/product"}],"about":[{"href":"https:\/\/kingarms.ee\/lv\/wp-json\/wp\/v2\/types\/product"}],"wp:featuredmedia":[{"embeddable":true,"href":"https:\/\/kingarms.ee\/lv\/wp-json\/wp\/v2\/media\/116997"}],"wp:attachment":[{"href":"https:\/\/kingarms.ee\/lv\/wp-json\/wp\/v2\/media?parent=150739"}],"wp:term":[{"taxonomy":"product_brand","embeddable":true,"href":"https:\/\/kingarms.ee\/lv\/wp-json\/wp\/v2\/product_brand?post=150739"},{"taxonomy":"product_cat","embeddable":true,"href":"https:\/\/kingarms.ee\/lv\/wp-json\/wp\/v2\/product_cat?post=150739"},{"taxonomy":"product_tag","embeddable":true,"href":"https:\/\/kingarms.ee\/lv\/wp-json\/wp\/v2\/product_tag?post=150739"}],"curies":[{"name":"wp","href":"https:\/\/api.w.org\/{rel}","templated":true}]}}