{"id":150749,"date":"2022-09-12T16:16:42","date_gmt":"2025-06-08T12:33:12","guid":{"rendered":"https:\/\/kingarms.ee\/product\/nakts-noverosanas-ierice-sytong-ht-60-lrf-850-nm\/"},"modified":"2025-06-08T15:33:12","modified_gmt":"2025-06-08T12:33:12","slug":"nakts-noverosanas-ierice-sytong-ht-60-lrf-850-nm","status":"publish","type":"product","link":"https:\/\/kingarms.ee\/lv\/product\/nakts-noverosanas-ierice-sytong-ht-60-lrf-850-nm\/","title":{"rendered":"Nakts nov\u0113ro\u0161anas ier\u012bce &#8211; Sytong HT -60 LRF 850 nm"},"content":{"rendered":"<p>Nakts nov\u0113ro\u0161anas ier\u012bce &#8211; Sytong HT -60 LRF 850 nm<\/p>\n<p><img loading=\"lazy\" decoding=\"async\" class=\"alignnone size-medium wp-image-61493\" src=\"https:\/\/kingarms.ee\/wp-content\/uploads\/2022\/09\/ht-60lrf_4_1_1-300x211.png\" alt=\"\" width=\"300\" height=\"211\" srcset=\"https:\/\/kingarms.ee\/wp-content\/uploads\/2022\/09\/ht-60lrf_4_1_1-300x211.png 300w, https:\/\/kingarms.ee\/wp-content\/uploads\/2022\/09\/ht-60lrf_4_1_1-1024x719.png 1024w, https:\/\/kingarms.ee\/wp-content\/uploads\/2022\/09\/ht-60lrf_4_1_1-768x539.png 768w, https:\/\/kingarms.ee\/wp-content\/uploads\/2022\/09\/ht-60lrf_4_1_1-1536x1079.png 1536w, https:\/\/kingarms.ee\/wp-content\/uploads\/2022\/09\/ht-60lrf_4_1_1-500x351.png 500w, https:\/\/kingarms.ee\/wp-content\/uploads\/2022\/09\/ht-60lrf_4_1_1-150x105.png 150w, https:\/\/kingarms.ee\/wp-content\/uploads\/2022\/09\/ht-60lrf_4_1_1.png 1709w\" sizes=\"auto, (max-width: 300px) 100vw, 300px\" \/><\/p>\n<p>&nbsp;<\/p>\n","protected":false},"excerpt":{"rendered":"<p>Univers\u0101ls pielietojums. Ar \u013coti jut\u012bgu 1920&#215;1080 CMOS sensoru un 1024&#215;768 AMOLED displeju Sytong HT-60 LRF dienas un nakts Digit\u0101lais skats nodro\u0161ina nov\u0113rot\u0101jam augstas kvalit\u0101tes un j\u0113gpilnu att\u0113lu visos apgaismojuma l\u012bme\u0146os: kr\u0101su, dabisko kr\u0101su, dienas un augstu apgaismojumu. &#8211; kontrasts starp melno un balto nakt\u012b. Lai nodro\u0161in\u0101tu, ka ekr\u0101n\u0101 redzam\u0101 inform\u0101cija ir p\u0113c iesp\u0113jas viegl\u0101k &#8220;las\u0101ma&#8221; un atpaz\u012bstama jebkur\u0101 diennakts laik\u0101, ir 5 ekr\u0101na spilgtuma pak\u0101pes (no Super spilgtas l\u012bdz super tum\u0161ai).   <\/p>\n<p>&lt;2 s.<br \/>\n1024erg 768 AMOLED displejs, spilgtums un ekspoz\u012bcijas regul\u0113jams.<br \/>\nIeb\u016bv\u0113ta funkcionalit\u0101te: l\u0101zera r\u0101d\u012bt\u0101js, \u017eiroskops.<br \/>\nMain\u0101mas m\u0113r\u0137auditorijas atlases rakstz\u012bmes (7 veidi + re\u017e\u012bms &#8220;bez re\u017e\u0123a&#8221;).<br \/>\n5 nov\u0113ro\u0161anas profili. \u0160au\u0161ana ar &#8220;vienu&#8221;k\u0101rtrid\u017eu&#8221;<br \/>\nL\u012bdz 6 stund\u0101m nep\u0101rtraukta darba,&#8221; miega &#8221; re\u017e\u012bms.<br \/>\nManu\u0101la Okul\u0101ra un objekt\u012bva fokus\u0113\u0161ana (no 3 m).<br \/>\nWi-Fi, HDMI, video ierakst\u012bt\u0101js.    Micro SD\/TF kaardi pesa.<br \/>\nVeekindel IP67, tagasil\u00f6\u00f6gikindlus kuni 6000 J.<br \/>\nKaasas Weaver\/Picatinny siini kinnitus.<br \/>\nTestitud t\u00f6\u00f6temperatuuridel -20 \u00b0C&#8230;+50 \u00b0C.<\/p>\n","protected":false},"featured_media":123265,"template":"","meta":{"_acf_changed":false},"product_brand":[],"product_cat":[1040],"product_tag":[],"class_list":{"0":"post-150749","1":"product","2":"type-product","3":"status-publish","4":"has-post-thumbnail","6":"product_cat-nakts-laika-aprikojums","8":"first","9":"onbackorder","10":"taxable","11":"shipping-taxable","12":"product-type-simple"},"acf":[],"_links":{"self":[{"href":"https:\/\/kingarms.ee\/lv\/wp-json\/wp\/v2\/product\/150749","targetHints":{"allow":["GET"]}}],"collection":[{"href":"https:\/\/kingarms.ee\/lv\/wp-json\/wp\/v2\/product"}],"about":[{"href":"https:\/\/kingarms.ee\/lv\/wp-json\/wp\/v2\/types\/product"}],"wp:featuredmedia":[{"embeddable":true,"href":"https:\/\/kingarms.ee\/lv\/wp-json\/wp\/v2\/media\/123265"}],"wp:attachment":[{"href":"https:\/\/kingarms.ee\/lv\/wp-json\/wp\/v2\/media?parent=150749"}],"wp:term":[{"taxonomy":"product_brand","embeddable":true,"href":"https:\/\/kingarms.ee\/lv\/wp-json\/wp\/v2\/product_brand?post=150749"},{"taxonomy":"product_cat","embeddable":true,"href":"https:\/\/kingarms.ee\/lv\/wp-json\/wp\/v2\/product_cat?post=150749"},{"taxonomy":"product_tag","embeddable":true,"href":"https:\/\/kingarms.ee\/lv\/wp-json\/wp\/v2\/product_tag?post=150749"}],"curies":[{"name":"wp","href":"https:\/\/api.w.org\/{rel}","templated":true}]}}