{"id":150751,"date":"2022-08-01T15:28:56","date_gmt":"2025-06-08T12:35:43","guid":{"rendered":"https:\/\/kingarms.ee\/product\/ziemas-pro-medibu-klubs-balts-remington\/"},"modified":"2025-06-08T15:35:43","modified_gmt":"2025-06-08T12:35:43","slug":"ziemas-pro-medibu-klubs-balts-remington","status":"publish","type":"product","link":"https:\/\/kingarms.ee\/lv\/product\/ziemas-pro-medibu-klubs-balts-remington\/","title":{"rendered":"Ziemas Pro Med\u012bbu Klubs Balts (Remington)"},"content":{"rendered":"<p>Ziemas Pro Med\u012bbu Klubs Balts (Remington)<\/p>\n<p><img loading=\"lazy\" decoding=\"async\" class=\"alignnone size-medium wp-image-62045\" src=\"https:\/\/kingarms.ee\/wp-content\/uploads\/2022\/08\/%D0%9A%D0%BE%D1%81%D1%82%D1%8E%D0%BC_Remington_Pro_Hunting_Club_White_3-2-205x300.jpeg\" alt=\"\" width=\"205\" height=\"300\"><\/p>\n<p>&nbsp;<\/p>\n","protected":false},"excerpt":{"rendered":"<p>Baltais Remington Pro med\u012bbu kluba ziemas uzvalks karav\u012briem un medniekiem ir izgatavots no klusa materi\u0101la un atbilst visiem m\u016bsdienu standartiem. Izmantot\u0101 climate pro membr\u0101na rada maksim\u0101lu \u016bdens iztur\u012bbu un palielin\u0101tu objekta tvaiku caurlaid\u012bbu. Iek\u0161pus\u0113, pat ar smagu fizisko piep\u016bli, tas ir sauss, \u0100r\u0113jais mitrums neietilpst \u0137ermen\u012b.  <\/p>\n<p>Temperat\u016bras diapazons l\u012bdz &#8211; 35liels C<br \/>\nTvaika caurlaid\u012bba 12000 g \/ m2<br \/>\n\u016adens iztur\u012bba 10000 mm<br \/>\nIzol\u0101cija Pro Heat 280 gr.<br \/>\nKlimata Pro membr\u0101na<br \/>\nMateri\u0101ls 100% poliesters<br \/>\nSezona Ziema<br \/>\nGalam\u0113r\u0137a kar\u0161, med\u012bbas, T\u016brisms<br \/>\nPriek\u0161roc\u012bbas \u016bdensiztur\u012bgs, v\u0113ja, siltumizol\u0101cija, sala iztur\u012bgs<br \/>\nRa\u017eot\u0101js Remington<br \/>\nKr\u0101sa Balta<\/p>\n","protected":false},"featured_media":132881,"template":"","meta":{"_acf_changed":false},"product_brand":[],"product_cat":[1073],"product_tag":[],"class_list":{"0":"post-150751","1":"product","2":"type-product","3":"status-publish","4":"has-post-thumbnail","6":"product_cat-kopas","8":"first","9":"instock","10":"sale","11":"taxable","12":"shipping-taxable","13":"purchasable","14":"product-type-simple"},"acf":[],"_links":{"self":[{"href":"https:\/\/kingarms.ee\/lv\/wp-json\/wp\/v2\/product\/150751","targetHints":{"allow":["GET"]}}],"collection":[{"href":"https:\/\/kingarms.ee\/lv\/wp-json\/wp\/v2\/product"}],"about":[{"href":"https:\/\/kingarms.ee\/lv\/wp-json\/wp\/v2\/types\/product"}],"wp:featuredmedia":[{"embeddable":true,"href":"https:\/\/kingarms.ee\/lv\/wp-json\/wp\/v2\/media\/132881"}],"wp:attachment":[{"href":"https:\/\/kingarms.ee\/lv\/wp-json\/wp\/v2\/media?parent=150751"}],"wp:term":[{"taxonomy":"product_brand","embeddable":true,"href":"https:\/\/kingarms.ee\/lv\/wp-json\/wp\/v2\/product_brand?post=150751"},{"taxonomy":"product_cat","embeddable":true,"href":"https:\/\/kingarms.ee\/lv\/wp-json\/wp\/v2\/product_cat?post=150751"},{"taxonomy":"product_tag","embeddable":true,"href":"https:\/\/kingarms.ee\/lv\/wp-json\/wp\/v2\/product_tag?post=150751"}],"curies":[{"name":"wp","href":"https:\/\/api.w.org\/{rel}","templated":true}]}}