{"id":150753,"date":"2022-08-01T15:00:16","date_gmt":"2022-08-01T12:00:16","guid":{"rendered":"https:\/\/kingarms.ee\/product\/remington-extreme\/"},"modified":"2025-06-08T15:39:07","modified_gmt":"2025-06-08T12:39:07","slug":"remington-extreme","status":"publish","type":"product","link":"https:\/\/kingarms.ee\/lv\/product\/remington-extreme\/","title":{"rendered":"Remington Extreme"},"content":{"rendered":"<p><img loading=\"lazy\" decoding=\"async\" class=\"alignnone size-medium wp-image-61232\" src=\"https:\/\/kingarms.ee\/wp-content\/uploads\/2022\/08\/40f05ff2-abd0-11ea-80fa-00155dc12307_40f05ff3-abd0-11ea-80fa-00155dc12307-2-300x300.png\" alt=\"\" width=\"300\" height=\"300\" srcset=\"https:\/\/kingarms.ee\/wp-content\/uploads\/2022\/08\/40f05ff2-abd0-11ea-80fa-00155dc12307_40f05ff3-abd0-11ea-80fa-00155dc12307-2-300x300.png 300w, https:\/\/kingarms.ee\/wp-content\/uploads\/2022\/08\/40f05ff2-abd0-11ea-80fa-00155dc12307_40f05ff3-abd0-11ea-80fa-00155dc12307-2-1024x1024.png 1024w, https:\/\/kingarms.ee\/wp-content\/uploads\/2022\/08\/40f05ff2-abd0-11ea-80fa-00155dc12307_40f05ff3-abd0-11ea-80fa-00155dc12307-2-150x150.png 150w, https:\/\/kingarms.ee\/wp-content\/uploads\/2022\/08\/40f05ff2-abd0-11ea-80fa-00155dc12307_40f05ff3-abd0-11ea-80fa-00155dc12307-2-768x768.png 768w, https:\/\/kingarms.ee\/wp-content\/uploads\/2022\/08\/40f05ff2-abd0-11ea-80fa-00155dc12307_40f05ff3-abd0-11ea-80fa-00155dc12307-2-500x500.png 500w, https:\/\/kingarms.ee\/wp-content\/uploads\/2022\/08\/40f05ff2-abd0-11ea-80fa-00155dc12307_40f05ff3-abd0-11ea-80fa-00155dc12307-2.png 1200w\" sizes=\"auto, (max-width: 300px) 100vw, 300px\" \/><\/p>\n","protected":false},"excerpt":{"rendered":"<div><span style=\"font-size: large;\"><b>Remington Extreme<\/b><\/span><\/div>\n<div>\n<ul>\n<li>Uztur komfortablu temperat\u016bru<\/li>\n<li>Antibakteri\u0101ls efekts<\/li>\n<li>Augsta elpojam\u012bba<\/li>\n<li>Mitruma no\u0146em\u0161ana un \u0101tra \u017e\u0101v\u0113\u0161ana<\/li>\n<\/ul>\n<\/div>\n<div>Materi\u0101li: 100% divpus\u0113js Poliesters<\/div>\n<div>Izol\u0101cija: 230 g \/ m2 Polarflis<\/div>\n<div>Temperat\u016bras diapazons: l\u012bdz -35adg C<\/div>\n","protected":false},"featured_media":123183,"template":"","meta":{"_acf_changed":false},"product_brand":[],"product_cat":[1095],"product_tag":[],"class_list":{"0":"post-150753","1":"product","2":"type-product","3":"status-publish","4":"has-post-thumbnail","6":"product_cat-termiska-apaksvela","8":"first","9":"instock","10":"sale","11":"taxable","12":"shipping-taxable","13":"purchasable","14":"product-type-variable"},"acf":[],"_links":{"self":[{"href":"https:\/\/kingarms.ee\/lv\/wp-json\/wp\/v2\/product\/150753","targetHints":{"allow":["GET"]}}],"collection":[{"href":"https:\/\/kingarms.ee\/lv\/wp-json\/wp\/v2\/product"}],"about":[{"href":"https:\/\/kingarms.ee\/lv\/wp-json\/wp\/v2\/types\/product"}],"wp:featuredmedia":[{"embeddable":true,"href":"https:\/\/kingarms.ee\/lv\/wp-json\/wp\/v2\/media\/123183"}],"wp:attachment":[{"href":"https:\/\/kingarms.ee\/lv\/wp-json\/wp\/v2\/media?parent=150753"}],"wp:term":[{"taxonomy":"product_brand","embeddable":true,"href":"https:\/\/kingarms.ee\/lv\/wp-json\/wp\/v2\/product_brand?post=150753"},{"taxonomy":"product_cat","embeddable":true,"href":"https:\/\/kingarms.ee\/lv\/wp-json\/wp\/v2\/product_cat?post=150753"},{"taxonomy":"product_tag","embeddable":true,"href":"https:\/\/kingarms.ee\/lv\/wp-json\/wp\/v2\/product_tag?post=150753"}],"curies":[{"name":"wp","href":"https:\/\/api.w.org\/{rel}","templated":true}]}}