{"id":150778,"date":"2022-11-28T18:51:56","date_gmt":"2025-06-08T13:57:40","guid":{"rendered":"https:\/\/kingarms.ee\/product\/cietais-kurinamais-6-x-27g-firedragon\/"},"modified":"2025-06-08T16:57:40","modified_gmt":"2025-06-08T13:57:40","slug":"cietais-kurinamais-6-x-27g-firedragon","status":"publish","type":"product","link":"https:\/\/kingarms.ee\/lv\/product\/cietais-kurinamais-6-x-27g-firedragon\/","title":{"rendered":"Cietais kurin\u0101mais 6 x 27g [Firedragon]"},"content":{"rendered":"","protected":false},"excerpt":{"rendered":"<p>Cietais kurin\u0101mais 6 x 27g [Firedragon]<\/p>\n<p>BCB Fire dragon 6 \u00d7 27 g cietais kurin\u0101mais ir efekt\u012bvs degvielas kubs p\u0101rg\u0101jienu kr\u0101sni\u0146u darbin\u0101\u0161anai, kas izgatavots no dab\u012bgas etanola b\u0101zes biodegvielas.<\/p>\n","protected":false},"featured_media":125708,"template":"","meta":{"_acf_changed":false},"product_brand":[],"product_cat":[1119],"product_tag":[],"class_list":{"0":"post-150778","1":"product","2":"type-product","3":"status-publish","4":"has-post-thumbnail","6":"product_cat-celojumu-preces","8":"first","9":"instock","10":"purchasable","11":"product-type-simple"},"acf":[],"_links":{"self":[{"href":"https:\/\/kingarms.ee\/lv\/wp-json\/wp\/v2\/product\/150778","targetHints":{"allow":["GET"]}}],"collection":[{"href":"https:\/\/kingarms.ee\/lv\/wp-json\/wp\/v2\/product"}],"about":[{"href":"https:\/\/kingarms.ee\/lv\/wp-json\/wp\/v2\/types\/product"}],"wp:featuredmedia":[{"embeddable":true,"href":"https:\/\/kingarms.ee\/lv\/wp-json\/wp\/v2\/media\/125708"}],"wp:attachment":[{"href":"https:\/\/kingarms.ee\/lv\/wp-json\/wp\/v2\/media?parent=150778"}],"wp:term":[{"taxonomy":"product_brand","embeddable":true,"href":"https:\/\/kingarms.ee\/lv\/wp-json\/wp\/v2\/product_brand?post=150778"},{"taxonomy":"product_cat","embeddable":true,"href":"https:\/\/kingarms.ee\/lv\/wp-json\/wp\/v2\/product_cat?post=150778"},{"taxonomy":"product_tag","embeddable":true,"href":"https:\/\/kingarms.ee\/lv\/wp-json\/wp\/v2\/product_tag?post=150778"}],"curies":[{"name":"wp","href":"https:\/\/api.w.org\/{rel}","templated":true}]}}