{"id":150790,"date":"2022-04-06T00:50:00","date_gmt":"2025-06-08T14:00:53","guid":{"rendered":"https:\/\/kingarms.ee\/product\/atri-pj-kivere-reprodukcija-black-em\/"},"modified":"2025-06-08T17:00:53","modified_gmt":"2025-06-08T14:00:53","slug":"atri-pj-kivere-reprodukcija-black-em","status":"publish","type":"product","link":"https:\/\/kingarms.ee\/lv\/product\/atri-pj-kivere-reprodukcija-black-em\/","title":{"rendered":"\u0100TRI PJ \u0136IVERE REPRODUKCIJA BLACK EM"},"content":{"rendered":"","protected":false},"excerpt":{"rendered":"<p>\u0100TRI PJ \u0136IVERE REPRODUKCIJA BLACK EM<\/p>\n<p>\u0136ivere nodro\u0161ina vieglu un stil\u012bgu dizainu. Laba ventil\u0101cija un superior fit ar \u0113rtiem uzlik\u0101m un milit\u0101r\u0101 stila zoda, padara \u0113rtu un m\u0101j\u012bgs fit. <\/p>\n<p>Piez\u012bme! Max. galvas apk\u0101rtm\u0113rs: 60cm  <\/p>\n","protected":false},"featured_media":116207,"template":"","meta":{"_acf_changed":false},"product_brand":[],"product_cat":[1078,1080],"product_tag":[],"class_list":{"0":"post-150790","1":"product","2":"type-product","3":"status-publish","4":"has-post-thumbnail","6":"product_cat-airsoft-lv-2","7":"product_cat-kiveres","9":"first","10":"instock","11":"taxable","12":"shipping-taxable","13":"purchasable","14":"product-type-variable"},"acf":[],"_links":{"self":[{"href":"https:\/\/kingarms.ee\/lv\/wp-json\/wp\/v2\/product\/150790","targetHints":{"allow":["GET"]}}],"collection":[{"href":"https:\/\/kingarms.ee\/lv\/wp-json\/wp\/v2\/product"}],"about":[{"href":"https:\/\/kingarms.ee\/lv\/wp-json\/wp\/v2\/types\/product"}],"wp:featuredmedia":[{"embeddable":true,"href":"https:\/\/kingarms.ee\/lv\/wp-json\/wp\/v2\/media\/116207"}],"wp:attachment":[{"href":"https:\/\/kingarms.ee\/lv\/wp-json\/wp\/v2\/media?parent=150790"}],"wp:term":[{"taxonomy":"product_brand","embeddable":true,"href":"https:\/\/kingarms.ee\/lv\/wp-json\/wp\/v2\/product_brand?post=150790"},{"taxonomy":"product_cat","embeddable":true,"href":"https:\/\/kingarms.ee\/lv\/wp-json\/wp\/v2\/product_cat?post=150790"},{"taxonomy":"product_tag","embeddable":true,"href":"https:\/\/kingarms.ee\/lv\/wp-json\/wp\/v2\/product_tag?post=150790"}],"curies":[{"name":"wp","href":"https:\/\/api.w.org\/{rel}","templated":true}]}}