{"id":150800,"date":"2022-05-10T11:33:00","date_gmt":"2025-06-08T14:02:37","guid":{"rendered":"https:\/\/kingarms.ee\/product\/viskozitati-lipo-2000-mah-7-4-v-akumulatora-20-c\/"},"modified":"2025-06-08T17:02:37","modified_gmt":"2025-06-08T14:02:37","slug":"viskozitati-lipo-2000-mah-7-4-v-akumulatora-20-c","status":"publish","type":"product","link":"https:\/\/kingarms.ee\/lv\/product\/viskozitati-lipo-2000-mah-7-4-v-akumulatora-20-c\/","title":{"rendered":"Viskozit\u0101ti LiPo 2000 mAh 7.4 V Akumulatora -20 \u00b0 C"},"content":{"rendered":"","protected":false},"excerpt":{"rendered":"<p>Viskozit\u0101ti LiPo 2000 mAh 7.4 V Akumulatora -20 \u00b0 C<\/p>\n<p>Redox univers\u0101l\u0101 litija polim\u0113ra akumulatora ASG s\u0113rijas jauda ir <strong>2000 mAh <\/strong>un sast\u0101v no div\u0101m \u0161\u016bn\u0101m. Izejas spriegums ir <strong>7,4 V<\/strong>, un past\u0101v\u012bg\u0101 izl\u0101des str\u0101va ir 20 C (40 a). Akumulatora izejas ir Vadi, kas izbeigti ar DEAN kontaktligzdu un balans\u0113t\u0101ja izeju. Li-Pol baterijas bie\u017ei izmanto model\u0113\u0161an\u0101 un robotik\u0101. Redox pack ir gara un \u0161aura forma, t\u0101p\u0113c tas ieder\u0113sies Aeg \u0161auten\u0113s, k\u0101 ar\u012b \u0161aur\u0101s Planieru <strong>fizel\u0101\u017e\u0101s<\/strong>.    <\/p>\n","protected":false},"featured_media":118750,"template":"","meta":{"_acf_changed":false},"product_brand":[],"product_cat":[1054],"product_tag":[],"class_list":{"0":"post-150800","1":"product","2":"type-product","3":"status-publish","4":"has-post-thumbnail","6":"product_cat-acculayorores-akultors","8":"first","9":"onbackorder","10":"taxable","11":"shipping-taxable","12":"product-type-simple"},"acf":[],"_links":{"self":[{"href":"https:\/\/kingarms.ee\/lv\/wp-json\/wp\/v2\/product\/150800","targetHints":{"allow":["GET"]}}],"collection":[{"href":"https:\/\/kingarms.ee\/lv\/wp-json\/wp\/v2\/product"}],"about":[{"href":"https:\/\/kingarms.ee\/lv\/wp-json\/wp\/v2\/types\/product"}],"wp:featuredmedia":[{"embeddable":true,"href":"https:\/\/kingarms.ee\/lv\/wp-json\/wp\/v2\/media\/118750"}],"wp:attachment":[{"href":"https:\/\/kingarms.ee\/lv\/wp-json\/wp\/v2\/media?parent=150800"}],"wp:term":[{"taxonomy":"product_brand","embeddable":true,"href":"https:\/\/kingarms.ee\/lv\/wp-json\/wp\/v2\/product_brand?post=150800"},{"taxonomy":"product_cat","embeddable":true,"href":"https:\/\/kingarms.ee\/lv\/wp-json\/wp\/v2\/product_cat?post=150800"},{"taxonomy":"product_tag","embeddable":true,"href":"https:\/\/kingarms.ee\/lv\/wp-json\/wp\/v2\/product_tag?post=150800"}],"curies":[{"name":"wp","href":"https:\/\/api.w.org\/{rel}","templated":true}]}}