{"id":150806,"date":"2022-11-21T15:30:20","date_gmt":"2025-06-08T14:03:29","guid":{"rendered":"https:\/\/kingarms.ee\/product\/plus-pocket-royal\/"},"modified":"2025-06-08T17:03:29","modified_gmt":"2025-06-08T14:03:29","slug":"plus-pocket-royal","status":"publish","type":"product","link":"https:\/\/kingarms.ee\/lv\/product\/plus-pocket-royal\/","title":{"rendered":"Plus pocket Royal"},"content":{"rendered":"","protected":false},"excerpt":{"rendered":"<p>Plus pocket Royal<\/p>\n<p>Vertik\u0101lais lietder\u012bbas maisi\u0146\u0161<\/p>\n<p>vid\u0113jie izm\u0113ri<\/p>\n<p>poliesters<\/p>\n<p>dubult\u0101 zip sl\u0113g\u0161ana<\/p>\n<p>molle sist\u0113mas stiprin\u0101jums<\/p>\n<p>priek\u0161\u0113j\u0101 un aizmugur\u0113j\u0101 molle sist\u0113ma piederumiem<\/p>\n<p>izm\u0113ri 210mm x 160mm x 80mm<\/p>\n","protected":false},"featured_media":125518,"template":"","meta":{"_acf_changed":false},"product_brand":[],"product_cat":[1104,1098],"product_tag":[],"class_list":{"0":"post-150806","1":"product","2":"type-product","3":"status-publish","4":"has-post-thumbnail","6":"product_cat-kabatas","7":"product_cat-maisini-somas-un-siksnas","9":"first","10":"instock","11":"sale","12":"taxable","13":"shipping-taxable","14":"purchasable","15":"product-type-simple"},"acf":[],"_links":{"self":[{"href":"https:\/\/kingarms.ee\/lv\/wp-json\/wp\/v2\/product\/150806","targetHints":{"allow":["GET"]}}],"collection":[{"href":"https:\/\/kingarms.ee\/lv\/wp-json\/wp\/v2\/product"}],"about":[{"href":"https:\/\/kingarms.ee\/lv\/wp-json\/wp\/v2\/types\/product"}],"wp:featuredmedia":[{"embeddable":true,"href":"https:\/\/kingarms.ee\/lv\/wp-json\/wp\/v2\/media\/125518"}],"wp:attachment":[{"href":"https:\/\/kingarms.ee\/lv\/wp-json\/wp\/v2\/media?parent=150806"}],"wp:term":[{"taxonomy":"product_brand","embeddable":true,"href":"https:\/\/kingarms.ee\/lv\/wp-json\/wp\/v2\/product_brand?post=150806"},{"taxonomy":"product_cat","embeddable":true,"href":"https:\/\/kingarms.ee\/lv\/wp-json\/wp\/v2\/product_cat?post=150806"},{"taxonomy":"product_tag","embeddable":true,"href":"https:\/\/kingarms.ee\/lv\/wp-json\/wp\/v2\/product_tag?post=150806"}],"curies":[{"name":"wp","href":"https:\/\/api.w.org\/{rel}","templated":true}]}}