{"id":150818,"date":"2022-05-10T11:12:00","date_gmt":"2025-06-08T14:05:32","guid":{"rendered":"https:\/\/kingarms.ee\/product\/redox-li-po-1200mah-74-v-20c\/"},"modified":"2025-06-08T17:05:32","modified_gmt":"2025-06-08T14:05:32","slug":"redox-li-po-1200mah-74-v-20c","status":"publish","type":"product","link":"https:\/\/kingarms.ee\/lv\/product\/redox-li-po-1200mah-74-v-20c\/","title":{"rendered":"Redox Li-Po 1200mAh 7,4 V 20C"},"content":{"rendered":"","protected":false},"excerpt":{"rendered":"<p>Redox litija-polim\u0113ra akumulators sast\u0101v no trim \u0161\u016bn\u0101m. T\u0101s jauda ir <strong>1200 mAh<\/strong>. Izejas spriegums ir <strong>7,4 V <\/strong>un past\u0101v\u012bg\u0101 izl\u0101des str\u0101va ir <strong>20 C<\/strong> (24 A). Akumulatora vadi ir 10 cm gari Kabe\u013ci, kas izbeigti ar Dean kontaktligzdu un izeju uz balans\u0113t\u0101ju.   <\/p>\n","protected":false},"featured_media":118746,"template":"","meta":{"_acf_changed":false},"product_brand":[],"product_cat":[1054],"product_tag":[],"class_list":{"0":"post-150818","1":"product","2":"type-product","3":"status-publish","4":"has-post-thumbnail","6":"product_cat-acculayorores-akultors","8":"first","9":"instock","10":"taxable","11":"shipping-taxable","12":"purchasable","13":"product-type-simple"},"acf":[],"_links":{"self":[{"href":"https:\/\/kingarms.ee\/lv\/wp-json\/wp\/v2\/product\/150818","targetHints":{"allow":["GET"]}}],"collection":[{"href":"https:\/\/kingarms.ee\/lv\/wp-json\/wp\/v2\/product"}],"about":[{"href":"https:\/\/kingarms.ee\/lv\/wp-json\/wp\/v2\/types\/product"}],"wp:featuredmedia":[{"embeddable":true,"href":"https:\/\/kingarms.ee\/lv\/wp-json\/wp\/v2\/media\/118746"}],"wp:attachment":[{"href":"https:\/\/kingarms.ee\/lv\/wp-json\/wp\/v2\/media?parent=150818"}],"wp:term":[{"taxonomy":"product_brand","embeddable":true,"href":"https:\/\/kingarms.ee\/lv\/wp-json\/wp\/v2\/product_brand?post=150818"},{"taxonomy":"product_cat","embeddable":true,"href":"https:\/\/kingarms.ee\/lv\/wp-json\/wp\/v2\/product_cat?post=150818"},{"taxonomy":"product_tag","embeddable":true,"href":"https:\/\/kingarms.ee\/lv\/wp-json\/wp\/v2\/product_tag?post=150818"}],"curies":[{"name":"wp","href":"https:\/\/api.w.org\/{rel}","templated":true}]}}