{"id":150823,"date":"2022-11-14T16:49:08","date_gmt":"2025-06-08T14:06:32","guid":{"rendered":"https:\/\/kingarms.ee\/product\/aeg-phantom-extremis-mk-iii-aps\/"},"modified":"2025-06-08T17:06:32","modified_gmt":"2025-06-08T14:06:32","slug":"aeg-phantom-extremis-mk-iii-aps","status":"publish","type":"product","link":"https:\/\/kingarms.ee\/lv\/product\/aeg-phantom-extremis-mk-iii-aps\/","title":{"rendered":"Aeg Phantom Extremis Mk-iii [aps]"},"content":{"rendered":"","protected":false},"excerpt":{"rendered":"<p>Aeg Phantom Daudznacion\u0101lajiem Mk-iii [aps]<\/p>\n<p>Piln\u012bb\u0101 met\u0101la korpuss<br \/>\nm-lok 13,5 collu rokas aizsargs<br \/>\n300 k\u0101rt\u0101s magazine<br \/>\nelektrisk\u0101 blowback<br \/>\nambidextrous degign<br \/>\nantislip rokturis<br \/>\nflip-up apskates vietas<br \/>\nsudraba malu \u0101trumk\u0101rba<br \/>\ngarums 920mm<br \/>\nsvars 2700g<\/p>\n","protected":false},"featured_media":125294,"template":"","meta":{"_acf_changed":false},"product_brand":[],"product_cat":[1001],"product_tag":[],"class_list":{"0":"post-150823","1":"product","2":"type-product","3":"status-publish","4":"has-post-thumbnail","6":"product_cat-tirdzniecibas-automati","8":"first","9":"instock","10":"sale","11":"purchasable","12":"product-type-simple"},"acf":[],"_links":{"self":[{"href":"https:\/\/kingarms.ee\/lv\/wp-json\/wp\/v2\/product\/150823","targetHints":{"allow":["GET"]}}],"collection":[{"href":"https:\/\/kingarms.ee\/lv\/wp-json\/wp\/v2\/product"}],"about":[{"href":"https:\/\/kingarms.ee\/lv\/wp-json\/wp\/v2\/types\/product"}],"wp:featuredmedia":[{"embeddable":true,"href":"https:\/\/kingarms.ee\/lv\/wp-json\/wp\/v2\/media\/125294"}],"wp:attachment":[{"href":"https:\/\/kingarms.ee\/lv\/wp-json\/wp\/v2\/media?parent=150823"}],"wp:term":[{"taxonomy":"product_brand","embeddable":true,"href":"https:\/\/kingarms.ee\/lv\/wp-json\/wp\/v2\/product_brand?post=150823"},{"taxonomy":"product_cat","embeddable":true,"href":"https:\/\/kingarms.ee\/lv\/wp-json\/wp\/v2\/product_cat?post=150823"},{"taxonomy":"product_tag","embeddable":true,"href":"https:\/\/kingarms.ee\/lv\/wp-json\/wp\/v2\/product_tag?post=150823"}],"curies":[{"name":"wp","href":"https:\/\/api.w.org\/{rel}","templated":true}]}}