{"id":150839,"date":"2022-11-14T16:49:08","date_gmt":"2025-06-08T14:10:49","guid":{"rendered":"https:\/\/kingarms.ee\/product\/rifle-m4-sharps-bros-ares\/"},"modified":"2025-06-08T17:10:49","modified_gmt":"2025-06-08T14:10:49","slug":"rifle-m4-sharps-bros-ares","status":"publish","type":"product","link":"https:\/\/kingarms.ee\/lv\/product\/rifle-m4-sharps-bros-ares\/","title":{"rendered":"Rifle M4 Sharps Bros. [Ares]"},"content":{"rendered":"","protected":false},"excerpt":{"rendered":"<p>Rifle M4 Sharps Bros. [Ares]<\/p>\n<p>Elektrisk\u0101 \u0161autene m4 hellbreaker<br \/>\nautoriz\u0113t\u0101 pre\u010du z\u012bme sharps bros.<br \/>\nPilns met\u0101ls ar neilona \u0161\u0137iedru kr\u0101jumu un sa\u0137eri<br \/>\nsharps bros. dizaina korpuss<br \/>\nalum\u012bnija 10 collu rokas aizsargs<br \/>\nmet\u0101la P\u0101rnesumk\u0101rba<br \/>\n300 k\u0101rtas hi-cap \u017durn\u0101ls<br \/>\nregul\u0113jams hop up<br \/>\nievelkams kr\u0101jums<br \/>\nflip-up apskates vietas<br \/>\ndro\u0161\u012bba, da\u013c\u0113ji un pilna auto<br \/>\ngarums 730mm-810mm<br \/>\nsvars 2460g <\/p>\n","protected":false},"featured_media":125296,"template":"","meta":{"_acf_changed":false},"product_brand":[],"product_cat":[1001],"product_tag":[],"class_list":{"0":"post-150839","1":"product","2":"type-product","3":"status-publish","4":"has-post-thumbnail","6":"product_cat-tirdzniecibas-automati","8":"first","9":"instock","10":"sale","11":"purchasable","12":"product-type-simple"},"acf":[],"_links":{"self":[{"href":"https:\/\/kingarms.ee\/lv\/wp-json\/wp\/v2\/product\/150839","targetHints":{"allow":["GET"]}}],"collection":[{"href":"https:\/\/kingarms.ee\/lv\/wp-json\/wp\/v2\/product"}],"about":[{"href":"https:\/\/kingarms.ee\/lv\/wp-json\/wp\/v2\/types\/product"}],"wp:featuredmedia":[{"embeddable":true,"href":"https:\/\/kingarms.ee\/lv\/wp-json\/wp\/v2\/media\/125296"}],"wp:attachment":[{"href":"https:\/\/kingarms.ee\/lv\/wp-json\/wp\/v2\/media?parent=150839"}],"wp:term":[{"taxonomy":"product_brand","embeddable":true,"href":"https:\/\/kingarms.ee\/lv\/wp-json\/wp\/v2\/product_brand?post=150839"},{"taxonomy":"product_cat","embeddable":true,"href":"https:\/\/kingarms.ee\/lv\/wp-json\/wp\/v2\/product_cat?post=150839"},{"taxonomy":"product_tag","embeddable":true,"href":"https:\/\/kingarms.ee\/lv\/wp-json\/wp\/v2\/product_tag?post=150839"}],"curies":[{"name":"wp","href":"https:\/\/api.w.org\/{rel}","templated":true}]}}