{"id":150855,"date":"2022-11-14T16:49:08","date_gmt":"2025-06-08T14:15:34","guid":{"rendered":"https:\/\/kingarms.ee\/product\/drum-magazine-1730-kartas-prk9-g-g\/"},"modified":"2025-06-08T17:15:34","modified_gmt":"2025-06-08T14:15:34","slug":"drum-magazine-1730-kartas-prk9-g-g","status":"publish","type":"product","link":"https:\/\/kingarms.ee\/lv\/product\/drum-magazine-1730-kartas-prk9-g-g\/","title":{"rendered":"Drum Magazine 1730 k\u0101rtas Prk9 g &amp; g"},"content":{"rendered":"","protected":false},"excerpt":{"rendered":"<p>Drum Magazine 1730 k\u0101rtas Prk9 g &amp; g<\/p>\n<p>Ruma \u017durn\u0101ls<br \/>\npolim\u0113ru konstrukcija<br \/>\n1730 k\u0101rtas<br \/>\nmanu\u0101la darb\u012bba<br \/>\npiem\u0113rots prk 9 s\u0113rijas G &amp; g \u0161auten\u0113m<\/p>\n","protected":false},"featured_media":125244,"template":"","meta":{"_acf_changed":false},"product_brand":[],"product_cat":[1061],"product_tag":[],"class_list":{"0":"post-150855","1":"product","2":"type-product","3":"status-publish","4":"has-post-thumbnail","6":"product_cat-airsoft-lv","8":"first","9":"instock","10":"sale","11":"purchasable","12":"product-type-simple"},"acf":[],"_links":{"self":[{"href":"https:\/\/kingarms.ee\/lv\/wp-json\/wp\/v2\/product\/150855","targetHints":{"allow":["GET"]}}],"collection":[{"href":"https:\/\/kingarms.ee\/lv\/wp-json\/wp\/v2\/product"}],"about":[{"href":"https:\/\/kingarms.ee\/lv\/wp-json\/wp\/v2\/types\/product"}],"wp:featuredmedia":[{"embeddable":true,"href":"https:\/\/kingarms.ee\/lv\/wp-json\/wp\/v2\/media\/125244"}],"wp:attachment":[{"href":"https:\/\/kingarms.ee\/lv\/wp-json\/wp\/v2\/media?parent=150855"}],"wp:term":[{"taxonomy":"product_brand","embeddable":true,"href":"https:\/\/kingarms.ee\/lv\/wp-json\/wp\/v2\/product_brand?post=150855"},{"taxonomy":"product_cat","embeddable":true,"href":"https:\/\/kingarms.ee\/lv\/wp-json\/wp\/v2\/product_cat?post=150855"},{"taxonomy":"product_tag","embeddable":true,"href":"https:\/\/kingarms.ee\/lv\/wp-json\/wp\/v2\/product_tag?post=150855"}],"curies":[{"name":"wp","href":"https:\/\/api.w.org\/{rel}","templated":true}]}}