{"id":150857,"date":"2022-11-14T16:48:58","date_gmt":"2025-06-08T14:16:52","guid":{"rendered":"https:\/\/kingarms.ee\/product\/autotracer-unit-tracer-i-14mm-wosport\/"},"modified":"2025-08-03T16:40:12","modified_gmt":"2025-08-03T13:40:12","slug":"autotracer-unit-tracer-i-14mm-wosport","status":"publish","type":"product","link":"https:\/\/kingarms.ee\/lv\/product\/autotracer-unit-tracer-i-14mm-wosport\/","title":{"rendered":"Autotracer Unit Tracer I 14mm wosport"},"content":{"rendered":"","protected":false},"excerpt":{"rendered":"<p>Autotracer Unit Tracer I 14mm wosport<\/p>\n<p>Auto tracer unit tracer i<br \/>\npiem\u0113rots 14mm clockcounterwise \u0161autenes v\u012btn\u0113m<br \/>\niek\u013cauts adapteris 11mm pulkste\u0146a r\u0101d\u012bt\u0101ja virziena pistoles v\u012btn\u0113m<br \/>\nalum\u012bnija sakaus\u0113jums<br \/>\n5W jauda<br \/>\ntas darbojas ar p\u0101rspr\u0101gt l\u012bdz 2100 apgr. \/ min (35 rps)<br \/>\nautom\u0101tiska iesl\u0113g\u0161ana un izsl\u0113g\u0161ana<br \/>\niek\u013cauts usb Uzl\u0101des Kabelis<br \/>\nIeb\u016bv\u0113ts 3.7 V 250mAh litija akumulators<br \/>\nsvars 60g<br \/>\ngala diametrs 29mm<br \/>\ngarums 85mm (ar 11mm v\u012bt\u0146u adapteri)<\/p>\n","protected":false},"featured_media":125272,"template":"","meta":{"_acf_changed":false},"product_brand":[],"product_cat":[1113],"product_tag":[],"class_list":{"0":"post-150857","1":"product","2":"type-product","3":"status-publish","4":"has-post-thumbnail","6":"product_cat-troksna-slapetaji","8":"first","9":"instock","10":"purchasable","11":"product-type-simple"},"acf":[],"_links":{"self":[{"href":"https:\/\/kingarms.ee\/lv\/wp-json\/wp\/v2\/product\/150857","targetHints":{"allow":["GET"]}}],"collection":[{"href":"https:\/\/kingarms.ee\/lv\/wp-json\/wp\/v2\/product"}],"about":[{"href":"https:\/\/kingarms.ee\/lv\/wp-json\/wp\/v2\/types\/product"}],"wp:featuredmedia":[{"embeddable":true,"href":"https:\/\/kingarms.ee\/lv\/wp-json\/wp\/v2\/media\/125272"}],"wp:attachment":[{"href":"https:\/\/kingarms.ee\/lv\/wp-json\/wp\/v2\/media?parent=150857"}],"wp:term":[{"taxonomy":"product_brand","embeddable":true,"href":"https:\/\/kingarms.ee\/lv\/wp-json\/wp\/v2\/product_brand?post=150857"},{"taxonomy":"product_cat","embeddable":true,"href":"https:\/\/kingarms.ee\/lv\/wp-json\/wp\/v2\/product_cat?post=150857"},{"taxonomy":"product_tag","embeddable":true,"href":"https:\/\/kingarms.ee\/lv\/wp-json\/wp\/v2\/product_tag?post=150857"}],"curies":[{"name":"wp","href":"https:\/\/api.w.org\/{rel}","templated":true}]}}