{"id":150859,"date":"2022-11-14T16:48:58","date_gmt":"2025-06-08T14:18:09","guid":{"rendered":"https:\/\/kingarms.ee\/product\/manekena-m67-granatu-komplekts-wosport\/"},"modified":"2025-08-03T16:41:07","modified_gmt":"2025-08-03T13:41:07","slug":"manekena-m67-granatu-komplekts-wosport","status":"publish","type":"product","link":"https:\/\/kingarms.ee\/lv\/product\/manekena-m67-granatu-komplekts-wosport\/","title":{"rendered":"Manekena M67 gran\u0101tu komplekts wosport"},"content":{"rendered":"","protected":false},"excerpt":{"rendered":"<p>Manekena M67 gran\u0101tu komplekts wosport<\/p>\n<p>Manekena M67 gran\u0101ta ar molle sist\u0113mas stiprin\u0101jumu<br \/>\ntuk\u0161s Iek\u0161\u0113jais, var piepild\u012bt ar smilt\u012bm, lai palielin\u0101tu svaru<br \/>\nizm\u0113ri 760mm x 860mm x 113mm<br \/>\nsvars 100g<\/p>\n","protected":false},"featured_media":125286,"template":"","meta":{"_acf_changed":false},"product_brand":[],"product_cat":[1118],"product_tag":[],"class_list":{"0":"post-150859","1":"product","2":"type-product","3":"status-publish","4":"has-post-thumbnail","6":"product_cat-granata","8":"first","9":"onbackorder","10":"product-type-simple"},"acf":[],"_links":{"self":[{"href":"https:\/\/kingarms.ee\/lv\/wp-json\/wp\/v2\/product\/150859","targetHints":{"allow":["GET"]}}],"collection":[{"href":"https:\/\/kingarms.ee\/lv\/wp-json\/wp\/v2\/product"}],"about":[{"href":"https:\/\/kingarms.ee\/lv\/wp-json\/wp\/v2\/types\/product"}],"wp:featuredmedia":[{"embeddable":true,"href":"https:\/\/kingarms.ee\/lv\/wp-json\/wp\/v2\/media\/125286"}],"wp:attachment":[{"href":"https:\/\/kingarms.ee\/lv\/wp-json\/wp\/v2\/media?parent=150859"}],"wp:term":[{"taxonomy":"product_brand","embeddable":true,"href":"https:\/\/kingarms.ee\/lv\/wp-json\/wp\/v2\/product_brand?post=150859"},{"taxonomy":"product_cat","embeddable":true,"href":"https:\/\/kingarms.ee\/lv\/wp-json\/wp\/v2\/product_cat?post=150859"},{"taxonomy":"product_tag","embeddable":true,"href":"https:\/\/kingarms.ee\/lv\/wp-json\/wp\/v2\/product_tag?post=150859"}],"curies":[{"name":"wp","href":"https:\/\/api.w.org\/{rel}","templated":true}]}}