{"id":150870,"date":"2022-11-14T16:48:42","date_gmt":"2025-06-08T14:26:53","guid":{"rendered":"https:\/\/kingarms.ee\/product\/gaisa-sprauslas-modificesana\/"},"modified":"2025-08-03T17:13:15","modified_gmt":"2025-08-03T14:13:15","slug":"gaisa-sprauslas-modificesana","status":"publish","type":"product","link":"https:\/\/kingarms.ee\/lv\/product\/gaisa-sprauslas-modificesana\/","title":{"rendered":"Gaisa sprauslas modific\u0113\u0161ana"},"content":{"rendered":"","protected":false},"excerpt":{"rendered":"<p>Gaisa sprausla modific\u0113t<\/p>\n<p>Modific\u0113jiet gaisa sprauslu aug<\/p>\n","protected":false},"featured_media":125396,"template":"","meta":{"_acf_changed":false},"product_brand":[],"product_cat":[1107],"product_tag":[],"class_list":{"0":"post-150870","1":"product","2":"type-product","3":"status-publish","4":"has-post-thumbnail","6":"product_cat-noregulesana","8":"first","9":"instock","10":"purchasable","11":"product-type-simple"},"acf":[],"_links":{"self":[{"href":"https:\/\/kingarms.ee\/lv\/wp-json\/wp\/v2\/product\/150870","targetHints":{"allow":["GET"]}}],"collection":[{"href":"https:\/\/kingarms.ee\/lv\/wp-json\/wp\/v2\/product"}],"about":[{"href":"https:\/\/kingarms.ee\/lv\/wp-json\/wp\/v2\/types\/product"}],"wp:featuredmedia":[{"embeddable":true,"href":"https:\/\/kingarms.ee\/lv\/wp-json\/wp\/v2\/media\/125396"}],"wp:attachment":[{"href":"https:\/\/kingarms.ee\/lv\/wp-json\/wp\/v2\/media?parent=150870"}],"wp:term":[{"taxonomy":"product_brand","embeddable":true,"href":"https:\/\/kingarms.ee\/lv\/wp-json\/wp\/v2\/product_brand?post=150870"},{"taxonomy":"product_cat","embeddable":true,"href":"https:\/\/kingarms.ee\/lv\/wp-json\/wp\/v2\/product_cat?post=150870"},{"taxonomy":"product_tag","embeddable":true,"href":"https:\/\/kingarms.ee\/lv\/wp-json\/wp\/v2\/product_tag?post=150870"}],"curies":[{"name":"wp","href":"https:\/\/api.w.org\/{rel}","templated":true}]}}