{"id":150884,"date":"2022-05-05T14:05:00","date_gmt":"2025-06-08T14:38:05","guid":{"rendered":"https:\/\/kingarms.ee\/product\/30-mm-iss-gredzenu-komplekts\/"},"modified":"2025-06-08T17:38:05","modified_gmt":"2025-06-08T14:38:05","slug":"30-mm-iss-gredzenu-komplekts","status":"publish","type":"product","link":"https:\/\/kingarms.ee\/lv\/product\/30-mm-iss-gredzenu-komplekts\/","title":{"rendered":"30 mm \u012bss gredzenu komplekts"},"content":{"rendered":"","protected":false},"excerpt":{"rendered":"<p>30 mm \u012bss gredzenu komplekts<\/p>\n<p>1 &#8221; Gredzeni V2 (\u012bsi)tiek apstr\u0101d\u0101ti no gaisa ku\u0123a alum\u012bnija sakaus\u0113juma ar t\u0113rauda blo\u0137\u0113\u0161anas pl\u0101ksn\u0113m, lai ieg\u016btu cietu mont\u0101\u017eas risin\u0101jumu. Tie b\u016bs uz\u0146emt jebkuru optisko ar vienu collu caurules diametrs. Sint\u0113tisk\u0101 aizsarg\u0101jo\u0161\u0101 lente uz iek\u0161\u0113j\u0101s virsmas aizsarg\u0101 optikas korpusu un \u013cauj to viegli uzst\u0101d\u012bt un dro\u0161i piestiprin\u0101t.  <\/p>\n<p>Gredzeni ir izstr\u0101d\u0101ti ar lielizm\u0113ra anti-atsitiena \u0161\u0137\u0113rsskr\u016bv\u0113m optim\u0101lai nulles notur\u0113\u0161anai un \u0101trai uzst\u0101d\u012b\u0161anai uz jebkura MIL-STD 1913 sliedes.<\/p>\n","protected":false},"featured_media":118606,"template":"","meta":{"_acf_changed":false},"product_brand":[],"product_cat":[1035],"product_tag":[],"class_list":{"0":"post-150884","1":"product","2":"type-product","3":"status-publish","4":"has-post-thumbnail","6":"product_cat-saujamierocu-gredzeni","8":"first","9":"instock","10":"taxable","11":"shipping-taxable","12":"purchasable","13":"product-type-simple"},"acf":[],"_links":{"self":[{"href":"https:\/\/kingarms.ee\/lv\/wp-json\/wp\/v2\/product\/150884","targetHints":{"allow":["GET"]}}],"collection":[{"href":"https:\/\/kingarms.ee\/lv\/wp-json\/wp\/v2\/product"}],"about":[{"href":"https:\/\/kingarms.ee\/lv\/wp-json\/wp\/v2\/types\/product"}],"wp:featuredmedia":[{"embeddable":true,"href":"https:\/\/kingarms.ee\/lv\/wp-json\/wp\/v2\/media\/118606"}],"wp:attachment":[{"href":"https:\/\/kingarms.ee\/lv\/wp-json\/wp\/v2\/media?parent=150884"}],"wp:term":[{"taxonomy":"product_brand","embeddable":true,"href":"https:\/\/kingarms.ee\/lv\/wp-json\/wp\/v2\/product_brand?post=150884"},{"taxonomy":"product_cat","embeddable":true,"href":"https:\/\/kingarms.ee\/lv\/wp-json\/wp\/v2\/product_cat?post=150884"},{"taxonomy":"product_tag","embeddable":true,"href":"https:\/\/kingarms.ee\/lv\/wp-json\/wp\/v2\/product_tag?post=150884"}],"curies":[{"name":"wp","href":"https:\/\/api.w.org\/{rel}","templated":true}]}}