{"id":150886,"date":"2022-05-05T14:02:00","date_gmt":"2025-06-08T14:41:30","guid":{"rendered":"https:\/\/kingarms.ee\/product\/stops-slapetajs-viens-vara-ess\/"},"modified":"2025-06-08T17:41:30","modified_gmt":"2025-06-08T14:41:30","slug":"stops-slapetajs-viens-vara-ess","status":"publish","type":"product","link":"https:\/\/kingarms.ee\/lv\/product\/stops-slapetajs-viens-vara-ess\/","title":{"rendered":"Stops sl\u0101p\u0113t\u0101js viens vara ESS"},"content":{"rendered":"","protected":false},"excerpt":{"rendered":"<p>Stops sl\u0101p\u0113t\u0101js viens vara ESS<\/p>\n<p>ESS Crossbow Suppressor\u2122 ir pirmais bri\u013c\u013cu r\u0101mis, kas paredz\u0113ts lieto\u0161anai ar ausu kausa dzirdes aizsardz\u012bbas un sakaru ier\u012bc\u0113m. Ar Z-Bend\u2122 \u0123eometriju r\u0101mja \u012bpa\u0161i pl\u0101n\u0101s temp\u013ca rokas pal\u012bdz nov\u0113rst troksni, samazinot ietekmi uz ausu kausu polster\u0113to bl\u012bv\u0113jumu. Slim temp\u013ci likvid\u0113t karstajiem punktiem un spiediena punktiem, kas parasti rodas, kad norm\u0101lu Bri\u013c\u013cu n\u0113s\u0101 zem ausu kr\u016bzes.  <\/p>\n<p>ESS Crossbow\u00ae ir no jauna defin\u0113jis veiktsp\u0113ju un lietder\u012bbu acu aizsardz\u012bbai. Nozares pirmais acu vairogiem, t\u0101 ClearZone\u2122 FlowCoat tehnolo\u0123ija samazina skr\u0101p\u0113jumus un nodro\u0161ina nep\u0101rsp\u0113jamu anti-miglas sp\u0113jas. Crossbow &#8216; S Tri-Tech\u2122 Fit ergonomika pied\u0101v\u0101 univers\u0101lu komfortu un stabilit\u0101ti ar nulles spiediena punktiem. P\u0101rsteidzo\u0161i skaidrs ESSOPTICS\u2122 p\u0101rsniedz stingrus standartus, pied\u0101v\u0101jot patiesu priek\u0161statu par j\u016bsu m\u0113r\u0137i bez trauc\u0113jumiem. Un arbaleta patent\u0113tie Dedbolt\u2122 objekt\u012bva blo\u0137\u0113\u0161anas \u0161arn\u012bri ir atv\u0113rti \u0101trai objekt\u012bva apmai\u0146ai vai sl\u0113dzenes ir aizv\u0113rtas, lai notur\u0113tu Cietvielu zem impact.As main\u0101m\u0101s Cross-Series\u2122 eyeshield platformas dal\u012bbnieks, Crossbow\u00ae \u013cauj papla\u0161in\u0101t savu komplektu ar savstarp\u0113ji sader\u012bgiem Crosshair\u2122 un Suppressor\u2122 komponentiem, lai j\u016bsu eye pro vienm\u0113r atbilstu j\u016bsu bud\u017eetam un misijas pras\u012bb\u0101m.    <\/p>\n","protected":false},"featured_media":118604,"template":"","meta":{"_acf_changed":false},"product_brand":[],"product_cat":[1084],"product_tag":[],"class_list":{"0":"post-150886","1":"product","2":"type-product","3":"status-publish","4":"has-post-thumbnail","6":"product_cat-ballistiskas-brilles","8":"first","9":"instock","10":"sale","11":"taxable","12":"shipping-taxable","13":"purchasable","14":"product-type-simple"},"acf":[],"_links":{"self":[{"href":"https:\/\/kingarms.ee\/lv\/wp-json\/wp\/v2\/product\/150886","targetHints":{"allow":["GET"]}}],"collection":[{"href":"https:\/\/kingarms.ee\/lv\/wp-json\/wp\/v2\/product"}],"about":[{"href":"https:\/\/kingarms.ee\/lv\/wp-json\/wp\/v2\/types\/product"}],"wp:featuredmedia":[{"embeddable":true,"href":"https:\/\/kingarms.ee\/lv\/wp-json\/wp\/v2\/media\/118604"}],"wp:attachment":[{"href":"https:\/\/kingarms.ee\/lv\/wp-json\/wp\/v2\/media?parent=150886"}],"wp:term":[{"taxonomy":"product_brand","embeddable":true,"href":"https:\/\/kingarms.ee\/lv\/wp-json\/wp\/v2\/product_brand?post=150886"},{"taxonomy":"product_cat","embeddable":true,"href":"https:\/\/kingarms.ee\/lv\/wp-json\/wp\/v2\/product_cat?post=150886"},{"taxonomy":"product_tag","embeddable":true,"href":"https:\/\/kingarms.ee\/lv\/wp-json\/wp\/v2\/product_tag?post=150886"}],"curies":[{"name":"wp","href":"https:\/\/api.w.org\/{rel}","templated":true}]}}