{"id":150896,"date":"2022-04-30T09:06:03","date_gmt":"2025-06-08T14:54:14","guid":{"rendered":"https:\/\/kingarms.ee\/product\/gg-brunojums-gazes-pistole-gpm1911cp\/"},"modified":"2025-06-08T17:54:14","modified_gmt":"2025-06-08T14:54:14","slug":"gg-brunojums-gazes-pistole-gpm1911cp","status":"publish","type":"product","link":"https:\/\/kingarms.ee\/lv\/product\/gg-brunojums-gazes-pistole-gpm1911cp\/","title":{"rendered":"G&amp;G BRU\u0145OJUMS G\u0100ZES PISTOLE GPM1911CP"},"content":{"rendered":"","protected":false},"excerpt":{"rendered":"<p>G &amp; G BRU\u0145OJUMA G\u0100ZES PISTOLE GPM1911CP<\/p>\n<p>G\u0101zes izp\u016b\u0161anas pistole<br \/>\nPilns met\u0101ls<br \/>\n\u017durn\u0101ls 30 k\u0101rtas<br \/>\nDro\u0161\u012bbas sl\u0113dzene, viena \u0161\u0101viena<br \/>\nGarums 223mm<br \/>\nSvars 950g<\/p>\n","protected":false},"featured_media":118500,"template":"","meta":{"_acf_changed":false},"product_brand":[],"product_cat":[1000],"product_tag":[],"class_list":{"0":"post-150896","1":"product","2":"type-product","3":"status-publish","4":"has-post-thumbnail","6":"product_cat-rokas-pistoles","8":"first","9":"onbackorder","10":"taxable","11":"shipping-taxable","12":"product-type-simple"},"acf":[],"_links":{"self":[{"href":"https:\/\/kingarms.ee\/lv\/wp-json\/wp\/v2\/product\/150896","targetHints":{"allow":["GET"]}}],"collection":[{"href":"https:\/\/kingarms.ee\/lv\/wp-json\/wp\/v2\/product"}],"about":[{"href":"https:\/\/kingarms.ee\/lv\/wp-json\/wp\/v2\/types\/product"}],"wp:featuredmedia":[{"embeddable":true,"href":"https:\/\/kingarms.ee\/lv\/wp-json\/wp\/v2\/media\/118500"}],"wp:attachment":[{"href":"https:\/\/kingarms.ee\/lv\/wp-json\/wp\/v2\/media?parent=150896"}],"wp:term":[{"taxonomy":"product_brand","embeddable":true,"href":"https:\/\/kingarms.ee\/lv\/wp-json\/wp\/v2\/product_brand?post=150896"},{"taxonomy":"product_cat","embeddable":true,"href":"https:\/\/kingarms.ee\/lv\/wp-json\/wp\/v2\/product_cat?post=150896"},{"taxonomy":"product_tag","embeddable":true,"href":"https:\/\/kingarms.ee\/lv\/wp-json\/wp\/v2\/product_tag?post=150896"}],"curies":[{"name":"wp","href":"https:\/\/api.w.org\/{rel}","templated":true}]}}