{"id":150903,"date":"2022-04-30T07:58:28","date_gmt":"2025-06-08T15:02:08","guid":{"rendered":"https:\/\/kingarms.ee\/product\/emersongear-fast-tactical-kivere-cover-multicam\/"},"modified":"2025-06-08T18:02:08","modified_gmt":"2025-06-08T15:02:08","slug":"emersongear-fast-tactical-kivere-cover-multicam","status":"publish","type":"product","link":"https:\/\/kingarms.ee\/lv\/product\/emersongear-fast-tactical-kivere-cover-multicam\/","title":{"rendered":"EMERSONGEAR FAST TACTICAL \u0136IVERE COVER MULTICAM"},"content":{"rendered":"","protected":false},"excerpt":{"rendered":"<p>EMERSONGEAR FAST TACTICAL \u0136IVERE COVER MULTICAM<\/p>\n<p>\u0100trs taktisk\u0101s \u0136iveres v\u0101ks<br \/>\n6 velcro par pl\u0101ksteri<br \/>\nMulticam kr\u0101sa<\/p>\n","protected":false},"featured_media":118410,"template":"","meta":{"_acf_changed":false},"product_brand":[],"product_cat":[1079,1080],"product_tag":[],"class_list":{"0":"post-150903","1":"product","2":"type-product","3":"status-publish","4":"has-post-thumbnail","6":"product_cat-kivera-stiprinajums","7":"product_cat-kiveres","9":"first","10":"instock","11":"taxable","12":"shipping-taxable","13":"purchasable","14":"product-type-simple"},"acf":[],"_links":{"self":[{"href":"https:\/\/kingarms.ee\/lv\/wp-json\/wp\/v2\/product\/150903","targetHints":{"allow":["GET"]}}],"collection":[{"href":"https:\/\/kingarms.ee\/lv\/wp-json\/wp\/v2\/product"}],"about":[{"href":"https:\/\/kingarms.ee\/lv\/wp-json\/wp\/v2\/types\/product"}],"wp:featuredmedia":[{"embeddable":true,"href":"https:\/\/kingarms.ee\/lv\/wp-json\/wp\/v2\/media\/118410"}],"wp:attachment":[{"href":"https:\/\/kingarms.ee\/lv\/wp-json\/wp\/v2\/media?parent=150903"}],"wp:term":[{"taxonomy":"product_brand","embeddable":true,"href":"https:\/\/kingarms.ee\/lv\/wp-json\/wp\/v2\/product_brand?post=150903"},{"taxonomy":"product_cat","embeddable":true,"href":"https:\/\/kingarms.ee\/lv\/wp-json\/wp\/v2\/product_cat?post=150903"},{"taxonomy":"product_tag","embeddable":true,"href":"https:\/\/kingarms.ee\/lv\/wp-json\/wp\/v2\/product_tag?post=150903"}],"curies":[{"name":"wp","href":"https:\/\/api.w.org\/{rel}","templated":true}]}}