{"id":150919,"date":"2022-04-29T14:01:00","date_gmt":"2025-06-08T15:18:34","guid":{"rendered":"https:\/\/kingarms.ee\/product\/js-taktiskas-combo-3x-9x-talummainas-40mm-lecu-darbibas-joma-ar-sarkano-punktu-lazera\/"},"modified":"2025-06-08T18:18:34","modified_gmt":"2025-06-08T15:18:34","slug":"js-taktiskas-combo-3x-9x-talummainas-40mm-lecu-darbibas-joma-ar-sarkano-punktu-lazera","status":"publish","type":"product","link":"https:\/\/kingarms.ee\/lv\/product\/js-taktiskas-combo-3x-9x-talummainas-40mm-lecu-darbibas-joma-ar-sarkano-punktu-lazera\/","title":{"rendered":"JS TAKTISK\u0100S COMBO 3X 9X T\u0100LUMMAI\u0145AS 40MM L\u0112CU, DARB\u012aBAS JOMA, AR SARKANO PUNKTU L\u0100ZERA"},"content":{"rendered":"","protected":false},"excerpt":{"rendered":"<p>JS TAKTISK\u0100S COMBO 3X 9X T\u0100LUMMAI\u0145AS 40MM L\u0112CU, DARB\u012aBAS JOMA, AR SARKANO PUNKTU L\u0100ZERA<\/p>\n<p>Joma<br \/>\n40mm objekt\u012bvs<br \/>\nRegul\u0113jama t\u0101lummai\u0146a 3x-9x<br \/>\nSarkans vai za\u013c\u0161 att\u0101luma mekl\u0113t\u0101ja T\u012bkli\u0146\u0161 ar 5 regul\u0113jamiem intensit\u0101tes l\u012bme\u0146iem<br \/>\nRegul\u0113jams fokuss un paralakse<br \/>\n\u0100tri regul\u0113jams v\u0113j\u0161 un pac\u0113lums (1 klik\u0161\u0137is &#8211; 1\/4 moa)<br \/>\n3x standarta 20mm sliedes piederumiem<br \/>\nTie\u0161ais stiprin\u0101jums Standarta 20 mm slied\u0113m (bez gredzeniem)<br \/>\nFlip-up aizsardz\u012bbas v\u0101ci\u0146i<br \/>\nDarbojas ar 1x cr2032 akumulatoru (iek\u013cauts komplekt\u0101)<\/p>\n<p>Sarkanais punkts<br \/>\nSarkana vai za\u013ca redze, regul\u0113jama intensit\u0101te<br \/>\nRegul\u0113jams v\u0113j\u0161 un pac\u0113lums<br \/>\nDarbojas ar 1x cr2032 akumulatoru (iek\u013cauts komplekt\u0101)<\/p>\n<p>Sarkans l\u0101zers<br \/>\nIesl\u0113g\u0161anas poga<br \/>\nRegul\u0113jams v\u0113j\u0161 un pac\u0113lums<br \/>\nDarbina 3x LR44 baterijas (iek\u013cautas komplekt\u0101)<\/p>\n<p>Piederumi ir uzst\u0101d\u012bti uz 20 mm standarta slied\u0113m<br \/>\nGarums 350mm<br \/>\nSvars 920g<\/p>\n","protected":false},"featured_media":118376,"template":"","meta":{"_acf_changed":false},"product_brand":[],"product_cat":[1067],"product_tag":[],"class_list":{"0":"post-150919","1":"product","2":"type-product","3":"status-publish","4":"has-post-thumbnail","6":"product_cat-skats","8":"first","9":"instock","10":"purchasable","11":"product-type-simple"},"acf":[],"_links":{"self":[{"href":"https:\/\/kingarms.ee\/lv\/wp-json\/wp\/v2\/product\/150919","targetHints":{"allow":["GET"]}}],"collection":[{"href":"https:\/\/kingarms.ee\/lv\/wp-json\/wp\/v2\/product"}],"about":[{"href":"https:\/\/kingarms.ee\/lv\/wp-json\/wp\/v2\/types\/product"}],"wp:featuredmedia":[{"embeddable":true,"href":"https:\/\/kingarms.ee\/lv\/wp-json\/wp\/v2\/media\/118376"}],"wp:attachment":[{"href":"https:\/\/kingarms.ee\/lv\/wp-json\/wp\/v2\/media?parent=150919"}],"wp:term":[{"taxonomy":"product_brand","embeddable":true,"href":"https:\/\/kingarms.ee\/lv\/wp-json\/wp\/v2\/product_brand?post=150919"},{"taxonomy":"product_cat","embeddable":true,"href":"https:\/\/kingarms.ee\/lv\/wp-json\/wp\/v2\/product_cat?post=150919"},{"taxonomy":"product_tag","embeddable":true,"href":"https:\/\/kingarms.ee\/lv\/wp-json\/wp\/v2\/product_tag?post=150919"}],"curies":[{"name":"wp","href":"https:\/\/api.w.org\/{rel}","templated":true}]}}