{"id":150923,"date":"2022-04-28T19:42:49","date_gmt":"2025-06-08T15:26:05","guid":{"rendered":"https:\/\/kingarms.ee\/product\/armor-carrier-ranger-green-invader-gear\/"},"modified":"2025-06-08T18:26:05","modified_gmt":"2025-06-08T15:26:05","slug":"armor-carrier-ranger-green-invader-gear","status":"publish","type":"product","link":"https:\/\/kingarms.ee\/lv\/product\/armor-carrier-ranger-green-invader-gear\/","title":{"rendered":"Armor Carrier Ranger Green Invader Gear"},"content":{"rendered":"","protected":false},"excerpt":{"rendered":"<p>Armor Carrier Ranger Green Invader Gear<\/p>\n<p>Reaper Plate Carrier ir paredz\u0113ts, lai nodro\u0161in\u0101tu vieglu daudzfunkcion\u0101lu zema profila nes\u0113ju ballistisk\u0101m pl\u0101ksn\u0113m ar lielu virsmu apr\u012bkojuma p\u0101rvad\u0101\u0161anai, pateicoties pilnai MOLLE sist\u0113mai.<br \/>\nTo ra\u017eo, izmantojot l\u0101zergrie\u0161anas tehnolo\u0123iju, kas pie\u0161\u0137ir \u0161ai vestei augstu iztur\u012bbu ar minim\u0101lu materi\u0101lu izmanto\u0161anu. Pamatne ir izgatavota no iztur\u012bga 600D auduma, lai nodro\u0161in\u0101tu mazu svaru. <\/p>\n<p>Aug\u0161\u0113j\u0101 priek\u0161\u0113j\u0101 un aizmugur\u0113j\u0101 zon\u0101 atrodas \u0101\u0137i un cilpas pane\u013ci vien\u012bbas ID vai mor\u0101les pl\u0101ksteriem un gl\u0101b\u0161anas rokturis \u0101trai un \u0113rtai evaku\u0101cijai no b\u012bstam\u0101s zonas. Priek\u0161pus\u0113 m\u0113s varam atrast 3 plakanus maisi\u0146us M4 stila \u017eurn\u0101liem \u2013 nepiecie\u0161am\u012bbas gad\u012bjum\u0101 \u0161os maisi\u0146us var piln\u012bb\u0101 aizv\u0113rt, lai lietot\u0101jam b\u016btu piln\u012bgi l\u012bdzena telpa. Ap pleciem atrodas asto\u0146as elast\u012bgas siksnas Comtac kabe\u013cu vai hidrat\u0101cijas cauru\u013cu nostiprin\u0101\u0161anai.  <\/p>\n","protected":false},"featured_media":117924,"template":"","meta":{"_acf_changed":false},"product_brand":[],"product_cat":[1093],"product_tag":[],"class_list":{"0":"post-150923","1":"product","2":"type-product","3":"status-publish","4":"has-post-thumbnail","6":"product_cat-vestes-un-zirglietas","8":"first","9":"instock","10":"taxable","11":"shipping-taxable","12":"purchasable","13":"product-type-simple"},"acf":[],"_links":{"self":[{"href":"https:\/\/kingarms.ee\/lv\/wp-json\/wp\/v2\/product\/150923","targetHints":{"allow":["GET"]}}],"collection":[{"href":"https:\/\/kingarms.ee\/lv\/wp-json\/wp\/v2\/product"}],"about":[{"href":"https:\/\/kingarms.ee\/lv\/wp-json\/wp\/v2\/types\/product"}],"wp:featuredmedia":[{"embeddable":true,"href":"https:\/\/kingarms.ee\/lv\/wp-json\/wp\/v2\/media\/117924"}],"wp:attachment":[{"href":"https:\/\/kingarms.ee\/lv\/wp-json\/wp\/v2\/media?parent=150923"}],"wp:term":[{"taxonomy":"product_brand","embeddable":true,"href":"https:\/\/kingarms.ee\/lv\/wp-json\/wp\/v2\/product_brand?post=150923"},{"taxonomy":"product_cat","embeddable":true,"href":"https:\/\/kingarms.ee\/lv\/wp-json\/wp\/v2\/product_cat?post=150923"},{"taxonomy":"product_tag","embeddable":true,"href":"https:\/\/kingarms.ee\/lv\/wp-json\/wp\/v2\/product_tag?post=150923"}],"curies":[{"name":"wp","href":"https:\/\/api.w.org\/{rel}","templated":true}]}}