{"id":150931,"date":"2022-02-03T14:31:12","date_gmt":"2025-06-09T08:48:17","guid":{"rendered":"https:\/\/kingarms.ee\/product\/spageti-bolognese-115g\/"},"modified":"2025-06-09T11:48:17","modified_gmt":"2025-06-09T08:48:17","slug":"spageti-bolognese-115g","status":"publish","type":"product","link":"https:\/\/kingarms.ee\/lv\/product\/spageti-bolognese-115g\/","title":{"rendered":"Spageti Bolognese 115g"},"content":{"rendered":"<p><img loading=\"lazy\" decoding=\"async\" class=\"alignnone size-medium wp-image-36421\" src=\"https:\/\/kingarms.ee\/wp-content\/uploads\/2022\/02\/Spaghetti_bolognese-300x239.png\" alt=\"\" width=\"300\" height=\"239\" srcset=\"https:\/\/kingarms.ee\/wp-content\/uploads\/2022\/02\/Spaghetti_bolognese-300x239.png 300w, https:\/\/kingarms.ee\/wp-content\/uploads\/2022\/02\/Spaghetti_bolognese-150x120.png 150w, https:\/\/kingarms.ee\/wp-content\/uploads\/2022\/02\/Spaghetti_bolognese-500x399.png 500w, https:\/\/kingarms.ee\/wp-content\/uploads\/2022\/02\/Spaghetti_bolognese-1024x817.png 1024w, https:\/\/kingarms.ee\/wp-content\/uploads\/2022\/02\/Spaghetti_bolognese-768x613.png 768w, https:\/\/kingarms.ee\/wp-content\/uploads\/2022\/02\/Spaghetti_bolognese.png 1354w\" sizes=\"auto, (max-width: 300px) 100vw, 300px\" \/><\/p>\n","protected":false},"excerpt":{"rendered":"<ul>\n<li>Tradicion\u0101l\u0101 Spageti Bolognese<\/li>\n<li>Viens no m\u016bsu visvair\u0101k slav\u0113tajiem produktiem<\/li>\n<li>Lietota augstas kvalit\u0101tes malta liellopu ga\u013ca<\/li>\n<li>Ar pat\u012bkamu gar\u0161u atbalsta seleriju<\/li>\n<li><span lang=\"ET\">Dabiski un ra\u017eoti Igaunij\u0101 <\/span><\/li>\n<li><span lang=\"ET\">Nesatur saglab\u0101\u0161ana UNPIEDEVA<\/span><\/li>\n<li><span lang=\"ET\">Ener\u0123\u0113tisk\u0101 v\u0113rt\u012bba uz porciju ir 542 kcal<\/span><\/li>\n<li>Der\u012bguma termi\u0146\u0161: 8 gadi<\/li>\n<\/ul>\n<p><strong>Koostisosad:<\/strong><br clear=\"none\"><strong>Spageti (41%) (kvie\u0161u milti, \u016bdens, kurkuma), sasmalcin\u0101ts tom\u0101ts, liellopu ga\u013ca (13%), s\u012bpols, selerijas k\u0101ti, rap\u0161u e\u013c\u013ca, gar\u0161vielas, \u0137iploki, s\u0101ls. Ra\u017eo\u0161anas l\u012bnijas d\u0113\u013c produkts var satur\u0113t nelielu daudzumu sinepju un piena. <\/strong><\/p>\n","protected":false},"featured_media":115240,"template":"","meta":{"_acf_changed":false},"product_brand":[],"product_cat":[1128],"product_tag":[],"class_list":{"0":"post-150931","1":"product","2":"type-product","3":"status-publish","4":"has-post-thumbnail","6":"product_cat-taktiska-partikas","8":"first","9":"instock","10":"taxable","11":"shipping-taxable","12":"purchasable","13":"product-type-simple"},"acf":[],"_links":{"self":[{"href":"https:\/\/kingarms.ee\/lv\/wp-json\/wp\/v2\/product\/150931","targetHints":{"allow":["GET"]}}],"collection":[{"href":"https:\/\/kingarms.ee\/lv\/wp-json\/wp\/v2\/product"}],"about":[{"href":"https:\/\/kingarms.ee\/lv\/wp-json\/wp\/v2\/types\/product"}],"wp:featuredmedia":[{"embeddable":true,"href":"https:\/\/kingarms.ee\/lv\/wp-json\/wp\/v2\/media\/115240"}],"wp:attachment":[{"href":"https:\/\/kingarms.ee\/lv\/wp-json\/wp\/v2\/media?parent=150931"}],"wp:term":[{"taxonomy":"product_brand","embeddable":true,"href":"https:\/\/kingarms.ee\/lv\/wp-json\/wp\/v2\/product_brand?post=150931"},{"taxonomy":"product_cat","embeddable":true,"href":"https:\/\/kingarms.ee\/lv\/wp-json\/wp\/v2\/product_cat?post=150931"},{"taxonomy":"product_tag","embeddable":true,"href":"https:\/\/kingarms.ee\/lv\/wp-json\/wp\/v2\/product_tag?post=150931"}],"curies":[{"name":"wp","href":"https:\/\/api.w.org\/{rel}","templated":true}]}}