{"id":150935,"date":"2022-07-18T04:08:49","date_gmt":"2025-06-09T08:50:44","guid":{"rendered":"https:\/\/kingarms.ee\/product\/m58a-dubulta-erglis\/"},"modified":"2025-06-09T11:50:44","modified_gmt":"2025-06-09T08:50:44","slug":"m58a-dubulta-erglis","status":"publish","type":"product","link":"https:\/\/kingarms.ee\/lv\/product\/m58a-dubulta-erglis\/","title":{"rendered":"M58a Dubult\u0101 \u0112rglis"},"content":{"rendered":"","protected":false},"excerpt":{"rendered":"<p>M58a Dubult\u0101 \u0112rglis<\/p>\n<p>Kr\u0101sa: Melna<br \/>\nMateri\u0101ls: Neilons, Alum\u012bnijs<br \/>\nUguns re\u017e\u012bms: viens<br \/>\n\u017durn\u0101la materi\u0101ls: ABS<br \/>\nGarantijas laiks: 6 m\u0113ne\u0161i<br \/>\nMun\u012bciju: .23g, .20g<br \/>\nGarums: 915 mm<br \/>\n\u017durn\u0101la ietilp\u012bba: 10 BBs<br \/>\nPurna ener\u0123ija: 0,78 J<br \/>\nPurna \u0101trums fps: 290<br \/>\n\u017durn\u0101lu skaits noteiktos datoros.: 3<\/p>\n","protected":false},"featured_media":122898,"template":"","meta":{"_acf_changed":false},"product_brand":[],"product_cat":[1002],"product_tag":[],"class_list":{"0":"post-150935","1":"product","2":"type-product","3":"status-publish","4":"has-post-thumbnail","6":"product_cat-sukna-kodi","8":"first","9":"outofstock","10":"taxable","11":"shipping-taxable","12":"purchasable","13":"product-type-simple"},"acf":[],"_links":{"self":[{"href":"https:\/\/kingarms.ee\/lv\/wp-json\/wp\/v2\/product\/150935","targetHints":{"allow":["GET"]}}],"collection":[{"href":"https:\/\/kingarms.ee\/lv\/wp-json\/wp\/v2\/product"}],"about":[{"href":"https:\/\/kingarms.ee\/lv\/wp-json\/wp\/v2\/types\/product"}],"wp:featuredmedia":[{"embeddable":true,"href":"https:\/\/kingarms.ee\/lv\/wp-json\/wp\/v2\/media\/122898"}],"wp:attachment":[{"href":"https:\/\/kingarms.ee\/lv\/wp-json\/wp\/v2\/media?parent=150935"}],"wp:term":[{"taxonomy":"product_brand","embeddable":true,"href":"https:\/\/kingarms.ee\/lv\/wp-json\/wp\/v2\/product_brand?post=150935"},{"taxonomy":"product_cat","embeddable":true,"href":"https:\/\/kingarms.ee\/lv\/wp-json\/wp\/v2\/product_cat?post=150935"},{"taxonomy":"product_tag","embeddable":true,"href":"https:\/\/kingarms.ee\/lv\/wp-json\/wp\/v2\/product_tag?post=150935"}],"curies":[{"name":"wp","href":"https:\/\/api.w.org\/{rel}","templated":true}]}}