{"id":150938,"date":"2022-07-18T03:48:30","date_gmt":"2025-06-09T08:53:47","guid":{"rendered":"https:\/\/kingarms.ee\/product\/smailas-granulas-45-mm-cal-177-augstas-kvalitates-sveices-ieroci\/"},"modified":"2025-06-09T11:53:47","modified_gmt":"2025-06-09T08:53:47","slug":"smailas-granulas-45-mm-cal-177-augstas-kvalitates-sveices-ieroci","status":"publish","type":"product","link":"https:\/\/kingarms.ee\/lv\/product\/smailas-granulas-45-mm-cal-177-augstas-kvalitates-sveices-ieroci\/","title":{"rendered":"Smailas granulas 4,5 mm cal.177 Augstas Kvalit\u0101tes \u0160veices Iero\u010di"},"content":{"rendered":"","protected":false},"excerpt":{"rendered":"<p>Smailas granulas 4,5 mm cal.177 Augstas Kvalit\u0101tes \u0160veices Iero\u010di <\/p>\n<p>Konsekvence un precizit\u0101te ir veiksm\u012bgas \u0161au\u0161anas atsl\u0113ga, un \u0161\u012bs plakan\u0101s granulas no \u0160veices iero\u010diem pal\u012bdz\u0113s.<\/p>\n","protected":false},"featured_media":122874,"template":"","meta":{"_acf_changed":false},"product_brand":[],"product_cat":[1047],"product_tag":[],"class_list":{"0":"post-150938","1":"product","2":"type-product","3":"status-publish","4":"has-post-thumbnail","6":"product_cat-airuna-4-5-mm","8":"first","9":"onbackorder","10":"taxable","11":"shipping-taxable","12":"product-type-simple"},"acf":[],"_links":{"self":[{"href":"https:\/\/kingarms.ee\/lv\/wp-json\/wp\/v2\/product\/150938","targetHints":{"allow":["GET"]}}],"collection":[{"href":"https:\/\/kingarms.ee\/lv\/wp-json\/wp\/v2\/product"}],"about":[{"href":"https:\/\/kingarms.ee\/lv\/wp-json\/wp\/v2\/types\/product"}],"wp:featuredmedia":[{"embeddable":true,"href":"https:\/\/kingarms.ee\/lv\/wp-json\/wp\/v2\/media\/122874"}],"wp:attachment":[{"href":"https:\/\/kingarms.ee\/lv\/wp-json\/wp\/v2\/media?parent=150938"}],"wp:term":[{"taxonomy":"product_brand","embeddable":true,"href":"https:\/\/kingarms.ee\/lv\/wp-json\/wp\/v2\/product_brand?post=150938"},{"taxonomy":"product_cat","embeddable":true,"href":"https:\/\/kingarms.ee\/lv\/wp-json\/wp\/v2\/product_cat?post=150938"},{"taxonomy":"product_tag","embeddable":true,"href":"https:\/\/kingarms.ee\/lv\/wp-json\/wp\/v2\/product_tag?post=150938"}],"curies":[{"name":"wp","href":"https:\/\/api.w.org\/{rel}","templated":true}]}}