{"id":150942,"date":"2022-07-18T03:27:56","date_gmt":"2022-07-18T00:27:56","guid":{"rendered":"https:\/\/kingarms.ee\/product\/1911-gada-militara-dzelzcela-pistole-tan-sveices-ieroci\/"},"modified":"2025-06-09T11:58:06","modified_gmt":"2025-06-09T08:58:06","slug":"1911-gada-militara-dzelzcela-pistole-tan-sveices-ieroci","status":"publish","type":"product","link":"https:\/\/kingarms.ee\/lv\/product\/1911-gada-militara-dzelzcela-pistole-tan-sveices-ieroci\/","title":{"rendered":"1911. gada milit\u0101r\u0101 dzelzce\u013ca pistole Tan \u0160veices Iero\u010di"},"content":{"rendered":"","protected":false},"excerpt":{"rendered":"<p>1911. gada milit\u0101r\u0101 dzelzce\u013ca pistole Tan \u0160veices Iero\u010di<\/p>\n<p>Pilna met\u0101la materi\u0101ls<br \/>\nCO dzin\u0113jsp\u0113ks (12G kapsula)<br \/>\nErgonomisks rokturis ar augstu sa\u0137eri<br \/>\nSvars 942 g<br \/>\nGarums 220 mm<br \/>\nJauda 1.6 d\u017eouli maks<br \/>\n\u0160\u0101viena \u0101trums 96 m \/ s \/ 314 fps<br \/>\nMaksim\u0101lais diapazons shot 64mt<br \/>\nPiedzi\u0146as tips, Pusautom\u0101tisks Izp\u016bt\u0113js<br \/>\nTas izmanto sf\u0113riskas BBs kalibra 4,5 mm granulas<\/p>\n","protected":false},"featured_media":122866,"template":"","meta":{"_acf_changed":false},"product_brand":[],"product_cat":[1005],"product_tag":[],"class_list":{"0":"post-150942","1":"product","2":"type-product","3":"status-publish","4":"has-post-thumbnail","6":"product_cat-rokas-pistoles-lv","8":"first","9":"instock","10":"taxable","11":"shipping-taxable","12":"purchasable","13":"product-type-simple"},"acf":[],"_links":{"self":[{"href":"https:\/\/kingarms.ee\/lv\/wp-json\/wp\/v2\/product\/150942","targetHints":{"allow":["GET"]}}],"collection":[{"href":"https:\/\/kingarms.ee\/lv\/wp-json\/wp\/v2\/product"}],"about":[{"href":"https:\/\/kingarms.ee\/lv\/wp-json\/wp\/v2\/types\/product"}],"wp:featuredmedia":[{"embeddable":true,"href":"https:\/\/kingarms.ee\/lv\/wp-json\/wp\/v2\/media\/122866"}],"wp:attachment":[{"href":"https:\/\/kingarms.ee\/lv\/wp-json\/wp\/v2\/media?parent=150942"}],"wp:term":[{"taxonomy":"product_brand","embeddable":true,"href":"https:\/\/kingarms.ee\/lv\/wp-json\/wp\/v2\/product_brand?post=150942"},{"taxonomy":"product_cat","embeddable":true,"href":"https:\/\/kingarms.ee\/lv\/wp-json\/wp\/v2\/product_cat?post=150942"},{"taxonomy":"product_tag","embeddable":true,"href":"https:\/\/kingarms.ee\/lv\/wp-json\/wp\/v2\/product_tag?post=150942"}],"curies":[{"name":"wp","href":"https:\/\/api.w.org\/{rel}","templated":true}]}}