{"id":150944,"date":"2022-07-18T03:15:42","date_gmt":"2025-06-09T09:00:38","guid":{"rendered":"https:\/\/kingarms.ee\/product\/atruma-iekravejs-colt-python-cybergun\/"},"modified":"2025-06-09T12:00:38","modified_gmt":"2025-06-09T09:00:38","slug":"atruma-iekravejs-colt-python-cybergun","status":"publish","type":"product","link":"https:\/\/kingarms.ee\/lv\/product\/atruma-iekravejs-colt-python-cybergun\/","title":{"rendered":"\u0100truma iekr\u0101v\u0113js Colt Python Cybergun"},"content":{"rendered":"","protected":false},"excerpt":{"rendered":"<p>\u0100truma iekr\u0101v\u0113js Colt Python Cybergun<\/p>\n<p>Sagatavojiet savu lietu l\u0101d\u0113t\u0101jus jau iepriek\u0161, pateicoties \u0161im \u0101truma iekr\u0101v\u0113jam, kas \u012bpa\u0161i izstr\u0101d\u0101ts Colt Python 357 Magnum revolveriem, un nekad nebeidzas mun\u012bcija!<\/p>\n<p>Airsoft revolver case charger ir b\u016btisks papildapr\u012bkojums, lai nodro\u0161in\u0101tu lab\u0101ku j\u016bsu kopijas lieto\u0161anas komfortu. Patie\u0161\u0101m, Tas \u013cauj jums saglab\u0101t j\u016bsu 6 k\u0101rtrid\u017eu korpusus, kas ir gatavi iekrau\u0161anai J\u016bsu Colt Python muc\u0101. <\/p>\n","protected":false},"featured_media":122857,"template":"","meta":{"_acf_changed":false},"product_brand":[],"product_cat":[1061],"product_tag":[],"class_list":{"0":"post-150944","1":"product","2":"type-product","3":"status-publish","4":"has-post-thumbnail","6":"product_cat-airsoft-lv","8":"first","9":"instock","10":"taxable","11":"shipping-taxable","12":"purchasable","13":"product-type-simple"},"acf":[],"_links":{"self":[{"href":"https:\/\/kingarms.ee\/lv\/wp-json\/wp\/v2\/product\/150944","targetHints":{"allow":["GET"]}}],"collection":[{"href":"https:\/\/kingarms.ee\/lv\/wp-json\/wp\/v2\/product"}],"about":[{"href":"https:\/\/kingarms.ee\/lv\/wp-json\/wp\/v2\/types\/product"}],"wp:featuredmedia":[{"embeddable":true,"href":"https:\/\/kingarms.ee\/lv\/wp-json\/wp\/v2\/media\/122857"}],"wp:attachment":[{"href":"https:\/\/kingarms.ee\/lv\/wp-json\/wp\/v2\/media?parent=150944"}],"wp:term":[{"taxonomy":"product_brand","embeddable":true,"href":"https:\/\/kingarms.ee\/lv\/wp-json\/wp\/v2\/product_brand?post=150944"},{"taxonomy":"product_cat","embeddable":true,"href":"https:\/\/kingarms.ee\/lv\/wp-json\/wp\/v2\/product_cat?post=150944"},{"taxonomy":"product_tag","embeddable":true,"href":"https:\/\/kingarms.ee\/lv\/wp-json\/wp\/v2\/product_tag?post=150944"}],"curies":[{"name":"wp","href":"https:\/\/api.w.org\/{rel}","templated":true}]}}