{"id":150946,"date":"2022-02-03T13:08:38","date_gmt":"2025-06-09T09:09:20","guid":{"rendered":"https:\/\/kingarms.ee\/product\/risu-pudins-ar-ogam-90g\/"},"modified":"2025-06-09T12:09:20","modified_gmt":"2025-06-09T09:09:20","slug":"risu-pudins-ar-ogam-90g","status":"publish","type":"product","link":"https:\/\/kingarms.ee\/lv\/product\/risu-pudins-ar-ogam-90g\/","title":{"rendered":"R\u012bsu pudi\u0146\u0161 ar og\u0101m 90g"},"content":{"rendered":"<p><img loading=\"lazy\" decoding=\"async\" class=\"alignnone size-medium wp-image-36228\" src=\"https:\/\/kingarms.ee\/wp-content\/uploads\/2022\/02\/Rice_pudding_berries-300x239.png\" alt=\"\" width=\"300\" height=\"239\" srcset=\"https:\/\/kingarms.ee\/wp-content\/uploads\/2022\/02\/Rice_pudding_berries-300x239.png 300w, https:\/\/kingarms.ee\/wp-content\/uploads\/2022\/02\/Rice_pudding_berries-150x120.png 150w, https:\/\/kingarms.ee\/wp-content\/uploads\/2022\/02\/Rice_pudding_berries-500x399.png 500w, https:\/\/kingarms.ee\/wp-content\/uploads\/2022\/02\/Rice_pudding_berries-1024x817.png 1024w, https:\/\/kingarms.ee\/wp-content\/uploads\/2022\/02\/Rice_pudding_berries-768x613.png 768w, https:\/\/kingarms.ee\/wp-content\/uploads\/2022\/02\/Rice_pudding_berries.png 1354w\" sizes=\"auto, (max-width: 300px) 100vw, 300px\" \/><\/p>\n","protected":false},"excerpt":{"rendered":"<ul>\n<li><span lang=\"ET\">Gar\u0161\u012bgas brokastis, pievienojot 10% sasmalcin\u0101tas avenes<\/span><\/li>\n<li><span lang=\"ET\">Pat\u012bkami salda un ener\u0123\u0113tiski bag\u0101ta putra dod pietiekami daudz sp\u0113ka, lai s\u0101ktu dienu<\/span><\/li>\n<li><span lang=\"ET\">Dabiski un ra\u017eoti Igaunij\u0101 <\/span><\/li>\n<li><span lang=\"ET\">Nesatur saglab\u0101\u0161ana UNPIEDEVA<\/span><\/li>\n<li><span lang=\"ET\">Ener\u0123\u0113tisk\u0101 v\u0113rt\u012bba uz porciju ir 425 kcal<\/span><\/li>\n<\/ul>\n<p><span lang=\"ET\">Gar\u0161\u012bgas brokastis, pievienojot 10% sasmalcin\u0101tas avenes. Pat\u012bkami salda un ener\u0123\u0113tiski bag\u0101ta putra dod pietiekami daudz sp\u0113ka, lai s\u0101ktu dienu. Produkts ir piln\u012bgi dab\u012bgs un nesatur konservantus vai piedevas. Ener\u0123\u0113tisk\u0101 v\u0113rt\u012bba uz porciju ir 425 kcal.   <\/span><\/p>\n<p><strong>Koostisosad:<\/strong><br clear=\"none\"><strong>R\u012bsi (72%), piens, avenes (10%), putukr\u0113jums, cukurs, s\u0101ls. Ra\u017eo\u0161anas l\u012bnijas d\u0113\u013c produkts var satur\u0113t nelielu daudzumu selerijas un sinepju. <\/strong><\/p>\n<p>Baudiet k\u0101 gardas brokastis vai k\u0101 desertu p\u0113c citas malt\u012btes!<\/p>\n<p>Der\u012bguma termi\u0146\u0161: 8 gadi<\/p>\n","protected":false},"featured_media":115145,"template":"","meta":{"_acf_changed":false},"product_brand":[],"product_cat":[1128],"product_tag":[],"class_list":{"0":"post-150946","1":"product","2":"type-product","3":"status-publish","4":"has-post-thumbnail","6":"product_cat-taktiska-partikas","8":"first","9":"instock","10":"taxable","11":"shipping-taxable","12":"purchasable","13":"product-type-simple"},"acf":[],"_links":{"self":[{"href":"https:\/\/kingarms.ee\/lv\/wp-json\/wp\/v2\/product\/150946","targetHints":{"allow":["GET"]}}],"collection":[{"href":"https:\/\/kingarms.ee\/lv\/wp-json\/wp\/v2\/product"}],"about":[{"href":"https:\/\/kingarms.ee\/lv\/wp-json\/wp\/v2\/types\/product"}],"wp:featuredmedia":[{"embeddable":true,"href":"https:\/\/kingarms.ee\/lv\/wp-json\/wp\/v2\/media\/115145"}],"wp:attachment":[{"href":"https:\/\/kingarms.ee\/lv\/wp-json\/wp\/v2\/media?parent=150946"}],"wp:term":[{"taxonomy":"product_brand","embeddable":true,"href":"https:\/\/kingarms.ee\/lv\/wp-json\/wp\/v2\/product_brand?post=150946"},{"taxonomy":"product_cat","embeddable":true,"href":"https:\/\/kingarms.ee\/lv\/wp-json\/wp\/v2\/product_cat?post=150946"},{"taxonomy":"product_tag","embeddable":true,"href":"https:\/\/kingarms.ee\/lv\/wp-json\/wp\/v2\/product_tag?post=150946"}],"curies":[{"name":"wp","href":"https:\/\/api.w.org\/{rel}","templated":true}]}}